{"id":1616,"date":"2024-12-03T16:28:58","date_gmt":"2024-12-03T16:28:58","guid":{"rendered":"https:\/\/baumann-move.com\/?page_id=1616"},"modified":"2026-01-24T12:36:37","modified_gmt":"2026-01-24T12:36:37","slug":"quality-assurance","status":"publish","type":"page","link":"https:\/\/baumann-move.com\/en\/company\/quality-assurance\/","title":{"rendered":"Quality assurance"},"content":{"rendered":"<div data-elementor-type=\"wp-page\" data-elementor-id=\"1616\" class=\"elementor elementor-1616\" data-elementor-post-type=\"page\">\n\t\t\t\t<div class=\"elementor-element elementor-element-b6dfeb6 e-con-full e-flex e-con e-parent\" data-id=\"b6dfeb6\" data-element_type=\"container\" data-e-type=\"container\" data-settings=\"{&quot;background_background&quot;:&quot;classic&quot;}\">\n\t\t\t\t<\/div>\n\t\t<div class=\"elementor-element elementor-element-f255f8f e-flex e-con-boxed e-con e-parent\" data-id=\"f255f8f\" data-element_type=\"container\" data-e-type=\"container\">\n\t\t\t\t\t<div class=\"e-con-inner\">\n\t\t<div class=\"elementor-element elementor-element-1766a3d e-con-full parent-box e-flex e-con e-child\" data-id=\"1766a3d\" data-element_type=\"container\" data-e-type=\"container\">\n\t\t\t\t<div class=\"elementor-element elementor-element-bf25d2e elementor-widget elementor-widget-html\" data-id=\"bf25d2e\" data-element_type=\"widget\" data-e-type=\"widget\" data-widget_type=\"html.default\">\n\t\t\t\t<div class=\"elementor-widget-container\">\n\t\t\t\t\t<div class=\"box-text-background background-color-default\"><\/div>\t\t\t\t<\/div>\n\t\t\t\t<\/div>\n\t\t<div class=\"elementor-element elementor-element-c43d932 e-con-full box-text-content e-flex e-con e-child\" data-id=\"c43d932\" data-element_type=\"container\" data-e-type=\"container\">\n\t\t\t\t<div class=\"elementor-element elementor-element-429417d elementor-widget elementor-widget-spacer\" data-id=\"429417d\" data-element_type=\"widget\" data-e-type=\"widget\" data-widget_type=\"spacer.default\">\n\t\t\t\t<div class=\"elementor-widget-container\">\n\t\t\t\t\t\t\t<div class=\"elementor-spacer\">\n\t\t\t<div class=\"elementor-spacer-inner\"><\/div>\n\t\t<\/div>\n\t\t\t\t\t\t<\/div>\n\t\t\t\t<\/div>\n\t\t\t\t<div class=\"elementor-element elementor-element-1494f40 elementor-widget elementor-widget-heading\" data-id=\"1494f40\" data-element_type=\"widget\" data-e-type=\"widget\" data-widget_type=\"heading.default\">\n\t\t\t\t<div class=\"elementor-widget-container\">\n\t\t\t\t\t<h1 class=\"elementor-heading-title elementor-size-default\">Quality assurance<\/h1>\t\t\t\t<\/div>\n\t\t\t\t<\/div>\n\t\t\t\t<div class=\"elementor-element elementor-element-dab2201 elementor-widget elementor-widget-heading\" data-id=\"dab2201\" data-element_type=\"widget\" data-e-type=\"widget\" data-widget_type=\"heading.default\">\n\t\t\t\t<div class=\"elementor-widget-container\">\n\t\t\t\t\t<span class=\"elementor-heading-title elementor-size-default\">No compromises on quality.<\/span>\t\t\t\t<\/div>\n\t\t\t\t<\/div>\n\t\t\t\t<div class=\"elementor-element elementor-element-c9dcc87 elementor-widget elementor-widget-spacer\" data-id=\"c9dcc87\" data-element_type=\"widget\" data-e-type=\"widget\" data-widget_type=\"spacer.default\">\n\t\t\t\t<div class=\"elementor-widget-container\">\n\t\t\t\t\t\t\t<div class=\"elementor-spacer\">\n\t\t\t<div class=\"elementor-spacer-inner\"><\/div>\n\t\t<\/div>\n\t\t\t\t\t\t<\/div>\n\t\t\t\t<\/div>\n\t\t\t\t<\/div>\n\t\t<div class=\"elementor-element elementor-element-d77d33e e-con-full first-content-right-red-container e-flex e-con e-child\" data-id=\"d77d33e\" data-element_type=\"container\" data-e-type=\"container\">\n\t\t\t\t<div class=\"elementor-element elementor-element-015af5c elementor-widget elementor-widget-spacer\" data-id=\"015af5c\" data-element_type=\"widget\" data-e-type=\"widget\" data-widget_type=\"spacer.default\">\n\t\t\t\t<div class=\"elementor-widget-container\">\n\t\t\t\t\t\t\t<div class=\"elementor-spacer\">\n\t\t\t<div class=\"elementor-spacer-inner\"><\/div>\n\t\t<\/div>\n\t\t\t\t\t\t<\/div>\n\t\t\t\t<\/div>\n\t\t\t\t<div class=\"elementor-element elementor-element-31de8c7 elementor-widget elementor-widget-spacer\" data-id=\"31de8c7\" data-element_type=\"widget\" data-e-type=\"widget\" data-widget_type=\"spacer.default\">\n\t\t\t\t<div class=\"elementor-widget-container\">\n\t\t\t\t\t\t\t<div class=\"elementor-spacer\">\n\t\t\t<div class=\"elementor-spacer-inner\"><\/div>\n\t\t<\/div>\n\t\t\t\t\t\t<\/div>\n\t\t\t\t<\/div>\n\t\t\t\t<\/div>\n\t\t\t\t<\/div>\n\t\t\t\t\t<\/div>\n\t\t\t\t<\/div>\n\t\t<div class=\"elementor-element elementor-element-549195e e-flex e-con-boxed e-con e-parent\" data-id=\"549195e\" data-element_type=\"container\" data-e-type=\"container\">\n\t\t\t\t\t<div class=\"e-con-inner\">\n\t\t<div class=\"elementor-element elementor-element-25f71cf e-con-full e-flex e-con e-child\" data-id=\"25f71cf\" data-element_type=\"container\" data-e-type=\"container\">\n\t\t\t\t<div class=\"elementor-element elementor-element-07e1e87 elementor-widget elementor-widget-text-editor\" data-id=\"07e1e87\" data-element_type=\"widget\" data-e-type=\"widget\" data-widget_type=\"text-editor.default\">\n\t\t\t\t<div class=\"elementor-widget-container\">\n\t\t\t\t\t\t\t\t\tThe transport of heavy goods is highly sensitive, highly regulated and demanding, but this does not prevent us from realising individual solutions. We set ourselves the highest standards and solve every logistical challenge with the latest vehicles, innovative technology and trained personnel. The satisfaction of our customers is our claim. That is why we take our customers' requirements and expectations into account and fulfil all official requirements. We offer customised solutions and focus on punctuality and safety during implementation. You can rely on our many years of experience for your logistics projects.\t\t\t\t\t\t\t\t<\/div>\n\t\t\t\t<\/div>\n\t\t\t\t<div class=\"elementor-element elementor-element-4512ed8 elementor-widget elementor-widget-text-editor\" data-id=\"4512ed8\" data-element_type=\"widget\" data-e-type=\"widget\" data-widget_type=\"text-editor.default\">\n\t\t\t\t<div class=\"elementor-widget-container\">\n\t\t\t\t\t\t\t\t\t<p>Quality is our top priority. We guarantee quality standards in all areas of the company - from management to organisation, technology, vehicles, processes and employees. We are certified in accordance with DIN EN ISO 9001:2015 and SCC in the areas of quality, safety, health and environmental protection management. The certifications are continuously maintained. Our ESTA membership supports our services on the European market.<\/p>\t\t\t\t\t\t\t\t<\/div>\n\t\t\t\t<\/div>\n\t\t<div class=\"elementor-element elementor-element-df60e9a e-con-full e-flex e-con e-child\" data-id=\"df60e9a\" data-element_type=\"container\" data-e-type=\"container\">\n\t\t<div class=\"elementor-element elementor-element-a228ce2 e-con-full e-flex e-con e-child\" data-id=\"a228ce2\" data-element_type=\"container\" data-e-type=\"container\">\n\t\t\t\t<div class=\"elementor-element elementor-element-b3f71ee e-transform elementor-widget elementor-widget-image\" data-id=\"b3f71ee\" data-element_type=\"widget\" data-e-type=\"widget\" data-settings=\"{&quot;_transform_scale_effect_hover&quot;:{&quot;unit&quot;:&quot;px&quot;,&quot;size&quot;:1.05,&quot;sizes&quot;:[]},&quot;_transform_scale_effect_hover_tablet&quot;:{&quot;unit&quot;:&quot;px&quot;,&quot;size&quot;:&quot;&quot;,&quot;sizes&quot;:[]},&quot;_transform_scale_effect_hover_mobile&quot;:{&quot;unit&quot;:&quot;px&quot;,&quot;size&quot;:&quot;&quot;,&quot;sizes&quot;:[]}}\" data-widget_type=\"image.default\">\n\t\t\t\t<div class=\"elementor-widget-container\">\n\t\t\t\t\t\t\t\t\t\t\t\t\t\t\t\t<a href=\"\/wp-content\/uploads\/2024\/12\/01_100_2300640_Main_DE.pdf\" target=\"_blank\" rel=\"nofollow\" title=\"View now\">\n\t\t\t\t\t\t\t<img fetchpriority=\"high\" decoding=\"async\" width=\"723\" height=\"1024\" src=\"https:\/\/baumann-move.com\/wp-content\/uploads\/2024\/12\/01_100_2300640_Main_DE_thumbnail-723x1024.jpg\" class=\"attachment-large size-large wp-image-1622\" alt=\"Image of the ISO 9001:2015 certificate\" srcset=\"https:\/\/baumann-move.com\/wp-content\/uploads\/2024\/12\/01_100_2300640_Main_DE_thumbnail-723x1024.jpg 723w, https:\/\/baumann-move.com\/wp-content\/uploads\/2024\/12\/01_100_2300640_Main_DE_thumbnail-212x300.jpg 212w, https:\/\/baumann-move.com\/wp-content\/uploads\/2024\/12\/01_100_2300640_Main_DE_thumbnail-768x1087.jpg 768w, https:\/\/baumann-move.com\/wp-content\/uploads\/2024\/12\/01_100_2300640_Main_DE_thumbnail-1085x1536.jpg 1085w, https:\/\/baumann-move.com\/wp-content\/uploads\/2024\/12\/01_100_2300640_Main_DE_thumbnail.jpg 1200w\" sizes=\"(max-width: 723px) 100vw, 723px\" \/>\t\t\t\t\t\t\t\t<\/a>\n\t\t\t\t\t\t\t\t\t\t\t\t\t\t\t<\/div>\n\t\t\t\t<\/div>\n\t\t\t\t<div class=\"elementor-element elementor-element-d348b4c elementor-widget elementor-widget-heading\" data-id=\"d348b4c\" data-element_type=\"widget\" data-e-type=\"widget\" data-widget_type=\"heading.default\">\n\t\t\t\t<div class=\"elementor-widget-container\">\n\t\t\t\t\t<span class=\"elementor-heading-title elementor-size-default\">ISO 9001:2015<\/span>\t\t\t\t<\/div>\n\t\t\t\t<\/div>\n\t\t\t\t<\/div>\n\t\t<div class=\"elementor-element elementor-element-dd372ec e-con-full e-flex e-con e-child\" data-id=\"dd372ec\" data-element_type=\"container\" data-e-type=\"container\">\n\t\t\t\t<div class=\"elementor-element elementor-element-d149f6f e-transform elementor-widget elementor-widget-image\" data-id=\"d149f6f\" data-element_type=\"widget\" data-e-type=\"widget\" data-settings=\"{&quot;_transform_scale_effect_hover&quot;:{&quot;unit&quot;:&quot;px&quot;,&quot;size&quot;:1.05,&quot;sizes&quot;:[]},&quot;_transform_scale_effect_hover_tablet&quot;:{&quot;unit&quot;:&quot;px&quot;,&quot;size&quot;:&quot;&quot;,&quot;sizes&quot;:[]},&quot;_transform_scale_effect_hover_mobile&quot;:{&quot;unit&quot;:&quot;px&quot;,&quot;size&quot;:&quot;&quot;,&quot;sizes&quot;:[]}}\" data-widget_type=\"image.default\">\n\t\t\t\t<div class=\"elementor-widget-container\">\n\t\t\t\t\t\t\t\t\t\t\t\t\t\t\t\t<a href=\"\/wp-content\/uploads\/2024\/12\/01_013_2300640_Main_DE-RA.pdf\" target=\"_blank\" rel=\"nofollow\" title=\"View now\">\n\t\t\t\t\t\t\t<img decoding=\"async\" width=\"723\" height=\"1024\" src=\"https:\/\/baumann-move.com\/wp-content\/uploads\/2024\/12\/01_013_2300640_Main_DE-RA_thumbnail-723x1024.jpeg\" class=\"attachment-large size-large wp-image-1625\" alt=\"Image of the SCCP 2021 certificate\" srcset=\"https:\/\/baumann-move.com\/wp-content\/uploads\/2024\/12\/01_013_2300640_Main_DE-RA_thumbnail-723x1024.jpeg 723w, https:\/\/baumann-move.com\/wp-content\/uploads\/2024\/12\/01_013_2300640_Main_DE-RA_thumbnail-212x300.jpeg 212w, https:\/\/baumann-move.com\/wp-content\/uploads\/2024\/12\/01_013_2300640_Main_DE-RA_thumbnail-768x1087.jpeg 768w, https:\/\/baumann-move.com\/wp-content\/uploads\/2024\/12\/01_013_2300640_Main_DE-RA_thumbnail-1085x1536.jpeg 1085w, https:\/\/baumann-move.com\/wp-content\/uploads\/2024\/12\/01_013_2300640_Main_DE-RA_thumbnail.jpeg 1200w\" sizes=\"(max-width: 723px) 100vw, 723px\" \/>\t\t\t\t\t\t\t\t<\/a>\n\t\t\t\t\t\t\t\t\t\t\t\t\t\t\t<\/div>\n\t\t\t\t<\/div>\n\t\t\t\t<div class=\"elementor-element elementor-element-523d60b elementor-widget elementor-widget-heading\" data-id=\"523d60b\" data-element_type=\"widget\" data-e-type=\"widget\" data-widget_type=\"heading.default\">\n\t\t\t\t<div class=\"elementor-widget-container\">\n\t\t\t\t\t<span class=\"elementor-heading-title elementor-size-default\">SCC certified<\/span>\t\t\t\t<\/div>\n\t\t\t\t<\/div>\n\t\t\t\t<\/div>\n\t\t<div class=\"elementor-element elementor-element-be5afde e-con-full e-flex e-con e-child\" data-id=\"be5afde\" data-element_type=\"container\" data-e-type=\"container\">\n\t\t\t\t<div class=\"elementor-element elementor-element-0531674 e-transform elementor-widget elementor-widget-image\" data-id=\"0531674\" data-element_type=\"widget\" data-e-type=\"widget\" data-settings=\"{&quot;_transform_scale_effect_hover&quot;:{&quot;unit&quot;:&quot;px&quot;,&quot;size&quot;:1.05,&quot;sizes&quot;:[]},&quot;_transform_scale_effect_hover_tablet&quot;:{&quot;unit&quot;:&quot;px&quot;,&quot;size&quot;:&quot;&quot;,&quot;sizes&quot;:[]},&quot;_transform_scale_effect_hover_mobile&quot;:{&quot;unit&quot;:&quot;px&quot;,&quot;size&quot;:&quot;&quot;,&quot;sizes&quot;:[]}}\" data-widget_type=\"image.default\">\n\t\t\t\t<div class=\"elementor-widget-container\">\n\t\t\t\t\t\t\t\t\t\t\t\t\t\t\t\t<a href=\"\/wp-content\/uploads\/2024\/12\/ESTA-Member-Certificate-renewal-Baumann-2020-2021.pdf\" target=\"_blank\" rel=\"nofollow\" title=\"View now\">\n\t\t\t\t\t\t\t<img decoding=\"async\" width=\"722\" height=\"1024\" src=\"https:\/\/baumann-move.com\/wp-content\/uploads\/2024\/12\/ESTA-Member-Certificate-renewal-Baumann-2020-2021_thumbnail-722x1024.jpg\" class=\"attachment-large size-large wp-image-1630\" alt=\"Picture of the ESTA Member Supporter Certificate\" srcset=\"https:\/\/baumann-move.com\/wp-content\/uploads\/2024\/12\/ESTA-Member-Certificate-renewal-Baumann-2020-2021_thumbnail-722x1024.jpg 722w, https:\/\/baumann-move.com\/wp-content\/uploads\/2024\/12\/ESTA-Member-Certificate-renewal-Baumann-2020-2021_thumbnail-211x300.jpg 211w, https:\/\/baumann-move.com\/wp-content\/uploads\/2024\/12\/ESTA-Member-Certificate-renewal-Baumann-2020-2021_thumbnail-768x1090.jpg 768w, https:\/\/baumann-move.com\/wp-content\/uploads\/2024\/12\/ESTA-Member-Certificate-renewal-Baumann-2020-2021_thumbnail-1082x1536.jpg 1082w, https:\/\/baumann-move.com\/wp-content\/uploads\/2024\/12\/ESTA-Member-Certificate-renewal-Baumann-2020-2021_thumbnail.jpg 1200w\" sizes=\"(max-width: 722px) 100vw, 722px\" \/>\t\t\t\t\t\t\t\t<\/a>\n\t\t\t\t\t\t\t\t\t\t\t\t\t\t\t<\/div>\n\t\t\t\t<\/div>\n\t\t\t\t<div class=\"elementor-element elementor-element-e0cfdcb elementor-widget elementor-widget-heading\" data-id=\"e0cfdcb\" data-element_type=\"widget\" data-e-type=\"widget\" data-widget_type=\"heading.default\">\n\t\t\t\t<div class=\"elementor-widget-container\">\n\t\t\t\t\t<span class=\"elementor-heading-title elementor-size-default\">ISO 9001:2015<\/span>\t\t\t\t<\/div>\n\t\t\t\t<\/div>\n\t\t\t\t<\/div>\n\t\t\t\t<\/div>\n\t\t\t\t<\/div>\n\t\t\t\t\t<\/div>\n\t\t\t\t<\/div>\n\t\t\t\t<\/div>","protected":false},"excerpt":{"rendered":"<p>Qualit\u00e4ts&shy;sicherung Keine Kompromisse bei der Qualit\u00e4t. Der Transport von Schwerlastg\u00fctern ist hochsensibel, stark reglementiert und anspruchsvoll, doch das hindert uns nicht daran individuelle L\u00f6sungen zu realisieren. Wir setzen uns selbst die h\u00f6chsten Ma\u00dfst\u00e4be und l\u00f6sen jede logistische Herausforderung mit neusten Fahrzeugen, innovativer Technik und geschultem Personal. Die Zufriedenheit unserer Kunden ist unser Anspruch. Daher ber\u00fccksichtigen [&hellip;]<\/p>\n","protected":false},"author":1,"featured_media":0,"parent":1699,"menu_order":0,"comment_status":"closed","ping_status":"closed","template":"","meta":{"footnotes":""},"class_list":["post-1616","page","type-page","status-publish","hentry"],"yoast_head":"<!-- This site is optimized with the Yoast SEO plugin v27.1.1 - https:\/\/yoast.com\/product\/yoast-seo-wordpress\/ -->\n<title>Qualit\u00e4tssicherung - Baumann-Move<\/title>\n<meta name=\"robots\" content=\"index, follow, max-snippet:-1, max-image-preview:large, max-video-preview:-1\" \/>\n<link rel=\"canonical\" href=\"https:\/\/baumann-move.com\/en\/company\/quality-assurance\/\" \/>\n<meta property=\"og:locale\" content=\"en_GB\" \/>\n<meta property=\"og:type\" content=\"article\" \/>\n<meta property=\"og:title\" content=\"Qualit\u00e4tssicherung - Baumann-Move\" \/>\n<meta property=\"og:description\" content=\"Qualit\u00e4ts&shy;sicherung Keine Kompromisse bei der Qualit\u00e4t. Der Transport von Schwerlastg\u00fctern ist hochsensibel, stark reglementiert und anspruchsvoll, doch das hindert uns nicht daran individuelle L\u00f6sungen zu realisieren. Wir setzen uns selbst die h\u00f6chsten Ma\u00dfst\u00e4be und l\u00f6sen jede logistische Herausforderung mit neusten Fahrzeugen, innovativer Technik und geschultem Personal. Die Zufriedenheit unserer Kunden ist unser Anspruch. Daher ber\u00fccksichtigen [&hellip;]\" \/>\n<meta property=\"og:url\" content=\"https:\/\/baumann-move.com\/en\/company\/quality-assurance\/\" \/>\n<meta property=\"og:site_name\" content=\"Baumann-Move\" \/>\n<meta property=\"article:publisher\" content=\"https:\/\/www.facebook.com\/people\/Baumann-move\/61568967824991\/\" \/>\n<meta property=\"article:modified_time\" content=\"2026-01-24T12:36:37+00:00\" \/>\n<meta property=\"og:image\" content=\"https:\/\/baumann-move.com\/wp-content\/uploads\/2024\/12\/01_100_2300640_Main_DE_thumbnail.jpg\" \/>\n\t<meta property=\"og:image:width\" content=\"1200\" \/>\n\t<meta property=\"og:image:height\" content=\"1699\" \/>\n\t<meta property=\"og:image:type\" content=\"image\/jpeg\" \/>\n<meta name=\"twitter:card\" content=\"summary_large_image\" \/>\n<meta name=\"twitter:label1\" content=\"Estimated reading time\" \/>\n\t<meta name=\"twitter:data1\" content=\"2 minutes\" \/>\n<script type=\"application\/ld+json\" class=\"yoast-schema-graph\">{\"@context\":\"https:\/\/schema.org\",\"@graph\":[{\"@type\":\"WebPage\",\"@id\":\"https:\/\/baumann-move.com\/unternehmen\/qualitaetssicherung\/\",\"url\":\"https:\/\/baumann-move.com\/unternehmen\/qualitaetssicherung\/\",\"name\":\"Qualit\u00e4tssicherung - Baumann-Move\",\"isPartOf\":{\"@id\":\"https:\/\/baumann-move.com\/#website\"},\"primaryImageOfPage\":{\"@id\":\"https:\/\/baumann-move.com\/unternehmen\/qualitaetssicherung\/#primaryimage\"},\"image\":{\"@id\":\"https:\/\/baumann-move.com\/unternehmen\/qualitaetssicherung\/#primaryimage\"},\"thumbnailUrl\":\"https:\/\/baumann-move.com\/wp-content\/uploads\/2024\/12\/01_100_2300640_Main_DE_thumbnail-723x1024.jpg\",\"datePublished\":\"2024-12-03T16:28:58+00:00\",\"dateModified\":\"2026-01-24T12:36:37+00:00\",\"breadcrumb\":{\"@id\":\"https:\/\/baumann-move.com\/unternehmen\/qualitaetssicherung\/#breadcrumb\"},\"inLanguage\":\"en-GB\",\"potentialAction\":[{\"@type\":\"ReadAction\",\"target\":[\"https:\/\/baumann-move.com\/unternehmen\/qualitaetssicherung\/\"]}]},{\"@type\":\"ImageObject\",\"inLanguage\":\"en-GB\",\"@id\":\"https:\/\/baumann-move.com\/unternehmen\/qualitaetssicherung\/#primaryimage\",\"url\":\"https:\/\/baumann-move.com\/wp-content\/uploads\/2024\/12\/01_100_2300640_Main_DE_thumbnail-723x1024.jpg\",\"contentUrl\":\"https:\/\/baumann-move.com\/wp-content\/uploads\/2024\/12\/01_100_2300640_Main_DE_thumbnail-723x1024.jpg\"},{\"@type\":\"BreadcrumbList\",\"@id\":\"https:\/\/baumann-move.com\/unternehmen\/qualitaetssicherung\/#breadcrumb\",\"itemListElement\":[{\"@type\":\"ListItem\",\"position\":1,\"name\":\"Home\",\"item\":\"https:\/\/baumann-move.com\/\"},{\"@type\":\"ListItem\",\"position\":2,\"name\":\"Unternehmen\",\"item\":\"https:\/\/baumann-move.com\/unternehmen\/\"},{\"@type\":\"ListItem\",\"position\":3,\"name\":\"Qualit\u00e4tssicherung\"}]},{\"@type\":\"WebSite\",\"@id\":\"https:\/\/baumann-move.com\/#website\",\"url\":\"https:\/\/baumann-move.com\/\",\"name\":\"Baumann Move\",\"description\":\"Seit \u00fcber 135 Jahren Ihr Experte f\u00fcr Schwerlast\u00adtransporte\",\"publisher\":{\"@id\":\"https:\/\/baumann-move.com\/#organization\"},\"potentialAction\":[{\"@type\":\"SearchAction\",\"target\":{\"@type\":\"EntryPoint\",\"urlTemplate\":\"https:\/\/baumann-move.com\/?s={search_term_string}\"},\"query-input\":{\"@type\":\"PropertyValueSpecification\",\"valueRequired\":true,\"valueName\":\"search_term_string\"}}],\"inLanguage\":\"en-GB\"},{\"@type\":\"Organization\",\"@id\":\"https:\/\/baumann-move.com\/#organization\",\"name\":\"Viktor Baumann GmbH & Co. KG\",\"alternateName\":\"Baumann Move\",\"url\":\"https:\/\/baumann-move.com\/\",\"logo\":{\"@type\":\"ImageObject\",\"inLanguage\":\"en-GB\",\"@id\":\"https:\/\/baumann-move.com\/#\/schema\/logo\/image\/\",\"url\":\"https:\/\/baumann-move.com\/wp-content\/uploads\/2024\/11\/logo.png\",\"contentUrl\":\"https:\/\/baumann-move.com\/wp-content\/uploads\/2024\/11\/logo.png\",\"width\":280,\"height\":59,\"caption\":\"Viktor Baumann GmbH & Co. KG\"},\"image\":{\"@id\":\"https:\/\/baumann-move.com\/#\/schema\/logo\/image\/\"},\"sameAs\":[\"https:\/\/www.facebook.com\/people\/Baumann-move\/61568967824991\/\"]}]}<\/script>\n<!-- \/ Yoast SEO plugin. -->","yoast_head_json":{"title":"Quality assurance - Baumann-Move","robots":{"index":"index","follow":"follow","max-snippet":"max-snippet:-1","max-image-preview":"max-image-preview:large","max-video-preview":"max-video-preview:-1"},"canonical":"https:\/\/baumann-move.com\/en\/company\/quality-assurance\/","og_locale":"en_GB","og_type":"article","og_title":"Qualit\u00e4tssicherung - Baumann-Move","og_description":"Qualit\u00e4ts&shy;sicherung Keine Kompromisse bei der Qualit\u00e4t. Der Transport von Schwerlastg\u00fctern ist hochsensibel, stark reglementiert und anspruchsvoll, doch das hindert uns nicht daran individuelle L\u00f6sungen zu realisieren. Wir setzen uns selbst die h\u00f6chsten Ma\u00dfst\u00e4be und l\u00f6sen jede logistische Herausforderung mit neusten Fahrzeugen, innovativer Technik und geschultem Personal. Die Zufriedenheit unserer Kunden ist unser Anspruch. Daher ber\u00fccksichtigen [&hellip;]","og_url":"https:\/\/baumann-move.com\/en\/company\/quality-assurance\/","og_site_name":"Baumann-Move","article_publisher":"https:\/\/www.facebook.com\/people\/Baumann-move\/61568967824991\/","article_modified_time":"2026-01-24T12:36:37+00:00","og_image":[{"width":1200,"height":1699,"url":"https:\/\/baumann-move.com\/wp-content\/uploads\/2024\/12\/01_100_2300640_Main_DE_thumbnail.jpg","type":"image\/jpeg"}],"twitter_card":"summary_large_image","twitter_misc":{"Estimated reading time":"2 minutes"},"schema":{"@context":"https:\/\/schema.org","@graph":[{"@type":"WebPage","@id":"https:\/\/baumann-move.com\/unternehmen\/qualitaetssicherung\/","url":"https:\/\/baumann-move.com\/unternehmen\/qualitaetssicherung\/","name":"Quality assurance - Baumann-Move","isPartOf":{"@id":"https:\/\/baumann-move.com\/#website"},"primaryImageOfPage":{"@id":"https:\/\/baumann-move.com\/unternehmen\/qualitaetssicherung\/#primaryimage"},"image":{"@id":"https:\/\/baumann-move.com\/unternehmen\/qualitaetssicherung\/#primaryimage"},"thumbnailUrl":"https:\/\/baumann-move.com\/wp-content\/uploads\/2024\/12\/01_100_2300640_Main_DE_thumbnail-723x1024.jpg","datePublished":"2024-12-03T16:28:58+00:00","dateModified":"2026-01-24T12:36:37+00:00","breadcrumb":{"@id":"https:\/\/baumann-move.com\/unternehmen\/qualitaetssicherung\/#breadcrumb"},"inLanguage":"en-GB","potentialAction":[{"@type":"ReadAction","target":["https:\/\/baumann-move.com\/unternehmen\/qualitaetssicherung\/"]}]},{"@type":"ImageObject","inLanguage":"en-GB","@id":"https:\/\/baumann-move.com\/unternehmen\/qualitaetssicherung\/#primaryimage","url":"https:\/\/baumann-move.com\/wp-content\/uploads\/2024\/12\/01_100_2300640_Main_DE_thumbnail-723x1024.jpg","contentUrl":"https:\/\/baumann-move.com\/wp-content\/uploads\/2024\/12\/01_100_2300640_Main_DE_thumbnail-723x1024.jpg"},{"@type":"BreadcrumbList","@id":"https:\/\/baumann-move.com\/unternehmen\/qualitaetssicherung\/#breadcrumb","itemListElement":[{"@type":"ListItem","position":1,"name":"Home","item":"https:\/\/baumann-move.com\/"},{"@type":"ListItem","position":2,"name":"Unternehmen","item":"https:\/\/baumann-move.com\/unternehmen\/"},{"@type":"ListItem","position":3,"name":"Qualit\u00e4tssicherung"}]},{"@type":"WebSite","@id":"https:\/\/baumann-move.com\/#website","url":"https:\/\/baumann-move.com\/","name":"Baumann Move","description":"Seit \u00fcber 135 Jahren Ihr Experte f\u00fcr Schwerlast\u00adtransporte","publisher":{"@id":"https:\/\/baumann-move.com\/#organization"},"potentialAction":[{"@type":"SearchAction","target":{"@type":"EntryPoint","urlTemplate":"https:\/\/baumann-move.com\/?s={search_term_string}"},"query-input":{"@type":"PropertyValueSpecification","valueRequired":true,"valueName":"search_term_string"}}],"inLanguage":"en-GB"},{"@type":"Organization","@id":"https:\/\/baumann-move.com\/#organization","name":"Viktor Baumann GmbH & Co. KG","alternateName":"Baumann Move","url":"https:\/\/baumann-move.com\/","logo":{"@type":"ImageObject","inLanguage":"en-GB","@id":"https:\/\/baumann-move.com\/#\/schema\/logo\/image\/","url":"https:\/\/baumann-move.com\/wp-content\/uploads\/2024\/11\/logo.png","contentUrl":"https:\/\/baumann-move.com\/wp-content\/uploads\/2024\/11\/logo.png","width":280,"height":59,"caption":"Viktor Baumann GmbH & Co. KG"},"image":{"@id":"https:\/\/baumann-move.com\/#\/schema\/logo\/image\/"},"sameAs":["https:\/\/www.facebook.com\/people\/Baumann-move\/61568967824991\/"]}]}},"_links":{"self":[{"href":"https:\/\/baumann-move.com\/en\/wp-json\/wp\/v2\/pages\/1616","targetHints":{"allow":["GET"]}}],"collection":[{"href":"https:\/\/baumann-move.com\/en\/wp-json\/wp\/v2\/pages"}],"about":[{"href":"https:\/\/baumann-move.com\/en\/wp-json\/wp\/v2\/types\/page"}],"author":[{"embeddable":true,"href":"https:\/\/baumann-move.com\/en\/wp-json\/wp\/v2\/users\/1"}],"replies":[{"embeddable":true,"href":"https:\/\/baumann-move.com\/en\/wp-json\/wp\/v2\/comments?post=1616"}],"version-history":[{"count":26,"href":"https:\/\/baumann-move.com\/en\/wp-json\/wp\/v2\/pages\/1616\/revisions"}],"predecessor-version":[{"id":3135,"href":"https:\/\/baumann-move.com\/en\/wp-json\/wp\/v2\/pages\/1616\/revisions\/3135"}],"up":[{"embeddable":true,"href":"https:\/\/baumann-move.com\/en\/wp-json\/wp\/v2\/pages\/1699"}],"wp:attachment":[{"href":"https:\/\/baumann-move.com\/en\/wp-json\/wp\/v2\/media?parent=1616"}],"curies":[{"name":"wp","href":"https:\/\/api.w.org\/{rel}","templated":true}]}}