{"id":1892,"date":"2024-12-04T10:00:21","date_gmt":"2024-12-04T10:00:21","guid":{"rendered":"https:\/\/baumann-move.com\/?page_id=1892"},"modified":"2025-09-03T08:31:35","modified_gmt":"2025-09-03T08:31:35","slug":"industrial-trailers","status":"publish","type":"page","link":"https:\/\/baumann-move.com\/en\/assembly\/industrial-trailers\/","title":{"rendered":"Industrial trailers"},"content":{"rendered":"<div data-elementor-type=\"wp-page\" data-elementor-id=\"1892\" class=\"elementor elementor-1892\" data-elementor-post-type=\"page\">\n\t\t\t\t<div class=\"elementor-element elementor-element-b6dfeb6 e-con-full e-flex e-con e-parent\" data-id=\"b6dfeb6\" data-element_type=\"container\" data-e-type=\"container\" data-settings=\"{&quot;background_background&quot;:&quot;classic&quot;}\">\n\t\t\t\t<\/div>\n\t\t<div class=\"elementor-element elementor-element-f255f8f e-flex e-con-boxed e-con e-parent\" data-id=\"f255f8f\" data-element_type=\"container\" data-e-type=\"container\">\n\t\t\t\t\t<div class=\"e-con-inner\">\n\t\t<div class=\"elementor-element elementor-element-1766a3d e-con-full parent-box e-flex e-con e-child\" data-id=\"1766a3d\" data-element_type=\"container\" data-e-type=\"container\">\n\t\t\t\t<div class=\"elementor-element elementor-element-bf25d2e elementor-widget elementor-widget-html\" data-id=\"bf25d2e\" data-element_type=\"widget\" data-e-type=\"widget\" data-widget_type=\"html.default\">\n\t\t\t\t<div class=\"elementor-widget-container\">\n\t\t\t\t\t<div class=\"box-text-background background-color-default\"><\/div>\t\t\t\t<\/div>\n\t\t\t\t<\/div>\n\t\t<div class=\"elementor-element elementor-element-c43d932 e-con-full box-text-content e-flex e-con e-child\" data-id=\"c43d932\" data-element_type=\"container\" data-e-type=\"container\">\n\t\t\t\t<div class=\"elementor-element elementor-element-429417d elementor-widget elementor-widget-spacer\" data-id=\"429417d\" data-element_type=\"widget\" data-e-type=\"widget\" data-widget_type=\"spacer.default\">\n\t\t\t\t<div class=\"elementor-widget-container\">\n\t\t\t\t\t\t\t<div class=\"elementor-spacer\">\n\t\t\t<div class=\"elementor-spacer-inner\"><\/div>\n\t\t<\/div>\n\t\t\t\t\t\t<\/div>\n\t\t\t\t<\/div>\n\t\t\t\t<div class=\"elementor-element elementor-element-1494f40 elementor-widget elementor-widget-heading\" data-id=\"1494f40\" data-element_type=\"widget\" data-e-type=\"widget\" data-widget_type=\"heading.default\">\n\t\t\t\t<div class=\"elementor-widget-container\">\n\t\t\t\t\t<h1 class=\"elementor-heading-title elementor-size-default\">Industrial trailers<\/h1>\t\t\t\t<\/div>\n\t\t\t\t<\/div>\n\t\t<div class=\"elementor-element elementor-element-58707b3 e-con-full e-flex e-con e-child\" data-id=\"58707b3\" data-element_type=\"container\" data-e-type=\"container\">\n\t\t\t\t<div class=\"elementor-element elementor-element-dab2201 elementor-widget elementor-widget-heading\" data-id=\"dab2201\" data-element_type=\"widget\" data-e-type=\"widget\" data-widget_type=\"heading.default\">\n\t\t\t\t<div class=\"elementor-widget-container\">\n\t\t\t\t\t<span class=\"elementor-heading-title elementor-size-default\">Manoeuvrable, handy, heavy-duty.<\/span>\t\t\t\t<\/div>\n\t\t\t\t<\/div>\n\t\t\t\t<\/div>\n\t\t\t\t<div class=\"elementor-element elementor-element-c9dcc87 elementor-widget elementor-widget-spacer\" data-id=\"c9dcc87\" data-element_type=\"widget\" data-e-type=\"widget\" data-widget_type=\"spacer.default\">\n\t\t\t\t<div class=\"elementor-widget-container\">\n\t\t\t\t\t\t\t<div class=\"elementor-spacer\">\n\t\t\t<div class=\"elementor-spacer-inner\"><\/div>\n\t\t<\/div>\n\t\t\t\t\t\t<\/div>\n\t\t\t\t<\/div>\n\t\t\t\t<\/div>\n\t\t<div class=\"elementor-element elementor-element-d77d33e e-con-full first-content-right-red-container e-flex e-con e-child\" data-id=\"d77d33e\" data-element_type=\"container\" data-e-type=\"container\">\n\t\t\t\t<div class=\"elementor-element elementor-element-015af5c elementor-widget elementor-widget-spacer\" data-id=\"015af5c\" data-element_type=\"widget\" data-e-type=\"widget\" data-widget_type=\"spacer.default\">\n\t\t\t\t<div class=\"elementor-widget-container\">\n\t\t\t\t\t\t\t<div class=\"elementor-spacer\">\n\t\t\t<div class=\"elementor-spacer-inner\"><\/div>\n\t\t<\/div>\n\t\t\t\t\t\t<\/div>\n\t\t\t\t<\/div>\n\t\t\t\t<div class=\"elementor-element elementor-element-31de8c7 elementor-widget elementor-widget-spacer\" data-id=\"31de8c7\" data-element_type=\"widget\" data-e-type=\"widget\" data-widget_type=\"spacer.default\">\n\t\t\t\t<div class=\"elementor-widget-container\">\n\t\t\t\t\t\t\t<div class=\"elementor-spacer\">\n\t\t\t<div class=\"elementor-spacer-inner\"><\/div>\n\t\t<\/div>\n\t\t\t\t\t\t<\/div>\n\t\t\t\t<\/div>\n\t\t\t\t<\/div>\n\t\t\t\t<\/div>\n\t\t\t\t\t<\/div>\n\t\t\t\t<\/div>\n\t\t<div class=\"elementor-element elementor-element-549195e e-flex e-con-boxed e-con e-parent\" data-id=\"549195e\" data-element_type=\"container\" data-e-type=\"container\">\n\t\t\t\t\t<div class=\"e-con-inner\">\n\t\t<div class=\"elementor-element elementor-element-25f71cf e-con-full e-flex e-con e-child\" data-id=\"25f71cf\" data-element_type=\"container\" data-e-type=\"container\">\n\t\t\t\t<div class=\"elementor-element elementor-element-07e1e87 elementor-widget elementor-widget-text-editor\" data-id=\"07e1e87\" data-element_type=\"widget\" data-e-type=\"widget\" data-widget_type=\"text-editor.default\">\n\t\t\t\t<div class=\"elementor-widget-container\">\n\t\t\t\t\t\t\t\t\t<p>There is usually no room for large turning manoeuvres in a production hall. Our industrial trailers are manoeuvrable transport helpers that can \"lift\" even the heaviest loads without any problems. Without their own drive, with a large load-bearing surface and with a load capacity of up to 100 tonnes, they are very manoeuvrable and easy to handle. Ideal for narrow aisles and tight storage spaces.<\/p>\t\t\t\t\t\t\t\t<\/div>\n\t\t\t\t<\/div>\n\t\t\t\t<\/div>\n\t\t\t\t\t<\/div>\n\t\t\t\t<\/div>\n\t\t\t\t<\/div>","protected":false},"excerpt":{"rendered":"<p>Industrieanh\u00e4nger Wendig, handlich, schwerlastf\u00e4hig. In der Regel ist in einer Produktionshalle kein Platz f\u00fcr gro\u00dfe Wendeman\u00f6ver. Unsere Industrieanh\u00e4nger sind wendige Transporthelfer, die selbst schwerste Lasten unproblematisch \u201estemmen\u201c k\u00f6nnen. Ohne eigenen Antrieb, mit gro\u00dfer Tragfl\u00e4che und mit einer Tragkraft von bis zu 100 Tonnen sind sie sehr wendig und einfach zu handhaben. Ideal f\u00fcr schmale G\u00e4nge [&hellip;]<\/p>\n","protected":false},"author":1,"featured_media":0,"parent":1848,"menu_order":0,"comment_status":"closed","ping_status":"closed","template":"","meta":{"footnotes":""},"class_list":["post-1892","page","type-page","status-publish","hentry"],"yoast_head":"<!-- This site is optimized with the Yoast SEO plugin v27.1.1 - https:\/\/yoast.com\/product\/yoast-seo-wordpress\/ -->\n<title>Industrieanh\u00e4nger - Baumann-Move<\/title>\n<meta name=\"robots\" content=\"index, follow, max-snippet:-1, max-image-preview:large, max-video-preview:-1\" \/>\n<link rel=\"canonical\" href=\"https:\/\/baumann-move.com\/en\/assembly\/industrial-trailers\/\" \/>\n<meta property=\"og:locale\" content=\"en_GB\" \/>\n<meta property=\"og:type\" content=\"article\" \/>\n<meta property=\"og:title\" content=\"Industrieanh\u00e4nger - Baumann-Move\" \/>\n<meta property=\"og:description\" content=\"Industrieanh\u00e4nger Wendig, handlich, schwerlastf\u00e4hig. In der Regel ist in einer Produktionshalle kein Platz f\u00fcr gro\u00dfe Wendeman\u00f6ver. Unsere Industrieanh\u00e4nger sind wendige Transporthelfer, die selbst schwerste Lasten unproblematisch \u201estemmen\u201c k\u00f6nnen. Ohne eigenen Antrieb, mit gro\u00dfer Tragfl\u00e4che und mit einer Tragkraft von bis zu 100 Tonnen sind sie sehr wendig und einfach zu handhaben. Ideal f\u00fcr schmale G\u00e4nge [&hellip;]\" \/>\n<meta property=\"og:url\" content=\"https:\/\/baumann-move.com\/en\/assembly\/industrial-trailers\/\" \/>\n<meta property=\"og:site_name\" content=\"Baumann-Move\" \/>\n<meta property=\"article:publisher\" content=\"https:\/\/www.facebook.com\/people\/Baumann-move\/61568967824991\/\" \/>\n<meta property=\"article:modified_time\" content=\"2025-09-03T08:31:35+00:00\" \/>\n<meta property=\"og:image\" content=\"https:\/\/baumann-move.com\/wp-content\/uploads\/2026\/01\/LKW-Optimiert.webp\" \/>\n\t<meta property=\"og:image:width\" content=\"2000\" \/>\n\t<meta property=\"og:image:height\" content=\"1125\" \/>\n\t<meta property=\"og:image:type\" content=\"image\/webp\" \/>\n<meta name=\"twitter:card\" content=\"summary_large_image\" \/>\n<meta name=\"twitter:label1\" content=\"Estimated reading time\" \/>\n\t<meta name=\"twitter:data1\" content=\"1 minute\" \/>\n<script type=\"application\/ld+json\" class=\"yoast-schema-graph\">{\"@context\":\"https:\/\/schema.org\",\"@graph\":[{\"@type\":\"WebPage\",\"@id\":\"https:\/\/baumann-move.com\/montage\/industrieanhaenger\/\",\"url\":\"https:\/\/baumann-move.com\/montage\/industrieanhaenger\/\",\"name\":\"Industrieanh\u00e4nger - Baumann-Move\",\"isPartOf\":{\"@id\":\"https:\/\/baumann-move.com\/#website\"},\"datePublished\":\"2024-12-04T10:00:21+00:00\",\"dateModified\":\"2025-09-03T08:31:35+00:00\",\"breadcrumb\":{\"@id\":\"https:\/\/baumann-move.com\/montage\/industrieanhaenger\/#breadcrumb\"},\"inLanguage\":\"en-GB\",\"potentialAction\":[{\"@type\":\"ReadAction\",\"target\":[\"https:\/\/baumann-move.com\/montage\/industrieanhaenger\/\"]}]},{\"@type\":\"BreadcrumbList\",\"@id\":\"https:\/\/baumann-move.com\/montage\/industrieanhaenger\/#breadcrumb\",\"itemListElement\":[{\"@type\":\"ListItem\",\"position\":1,\"name\":\"Home\",\"item\":\"https:\/\/baumann-move.com\/\"},{\"@type\":\"ListItem\",\"position\":2,\"name\":\"Montage\",\"item\":\"https:\/\/baumann-move.com\/montage\/\"},{\"@type\":\"ListItem\",\"position\":3,\"name\":\"Industrieanh\u00e4nger\"}]},{\"@type\":\"WebSite\",\"@id\":\"https:\/\/baumann-move.com\/#website\",\"url\":\"https:\/\/baumann-move.com\/\",\"name\":\"Baumann Move\",\"description\":\"Seit \u00fcber 135 Jahren Ihr Experte f\u00fcr Schwerlast\u00adtransporte\",\"publisher\":{\"@id\":\"https:\/\/baumann-move.com\/#organization\"},\"potentialAction\":[{\"@type\":\"SearchAction\",\"target\":{\"@type\":\"EntryPoint\",\"urlTemplate\":\"https:\/\/baumann-move.com\/?s={search_term_string}\"},\"query-input\":{\"@type\":\"PropertyValueSpecification\",\"valueRequired\":true,\"valueName\":\"search_term_string\"}}],\"inLanguage\":\"en-GB\"},{\"@type\":\"Organization\",\"@id\":\"https:\/\/baumann-move.com\/#organization\",\"name\":\"Viktor Baumann GmbH & Co. KG\",\"alternateName\":\"Baumann Move\",\"url\":\"https:\/\/baumann-move.com\/\",\"logo\":{\"@type\":\"ImageObject\",\"inLanguage\":\"en-GB\",\"@id\":\"https:\/\/baumann-move.com\/#\/schema\/logo\/image\/\",\"url\":\"https:\/\/baumann-move.com\/wp-content\/uploads\/2024\/11\/logo.png\",\"contentUrl\":\"https:\/\/baumann-move.com\/wp-content\/uploads\/2024\/11\/logo.png\",\"width\":280,\"height\":59,\"caption\":\"Viktor Baumann GmbH & Co. KG\"},\"image\":{\"@id\":\"https:\/\/baumann-move.com\/#\/schema\/logo\/image\/\"},\"sameAs\":[\"https:\/\/www.facebook.com\/people\/Baumann-move\/61568967824991\/\"]}]}<\/script>\n<!-- \/ Yoast SEO plugin. -->","yoast_head_json":{"title":"Industrial trailers - Baumann-Move","robots":{"index":"index","follow":"follow","max-snippet":"max-snippet:-1","max-image-preview":"max-image-preview:large","max-video-preview":"max-video-preview:-1"},"canonical":"https:\/\/baumann-move.com\/en\/assembly\/industrial-trailers\/","og_locale":"en_GB","og_type":"article","og_title":"Industrieanh\u00e4nger - Baumann-Move","og_description":"Industrieanh\u00e4nger Wendig, handlich, schwerlastf\u00e4hig. In der Regel ist in einer Produktionshalle kein Platz f\u00fcr gro\u00dfe Wendeman\u00f6ver. Unsere Industrieanh\u00e4nger sind wendige Transporthelfer, die selbst schwerste Lasten unproblematisch \u201estemmen\u201c k\u00f6nnen. Ohne eigenen Antrieb, mit gro\u00dfer Tragfl\u00e4che und mit einer Tragkraft von bis zu 100 Tonnen sind sie sehr wendig und einfach zu handhaben. Ideal f\u00fcr schmale G\u00e4nge [&hellip;]","og_url":"https:\/\/baumann-move.com\/en\/assembly\/industrial-trailers\/","og_site_name":"Baumann-Move","article_publisher":"https:\/\/www.facebook.com\/people\/Baumann-move\/61568967824991\/","article_modified_time":"2025-09-03T08:31:35+00:00","og_image":[{"width":2000,"height":1125,"url":"https:\/\/baumann-move.com\/wp-content\/uploads\/2026\/01\/LKW-Optimiert.webp","type":"image\/webp"}],"twitter_card":"summary_large_image","twitter_misc":{"Estimated reading time":"1 minute"},"schema":{"@context":"https:\/\/schema.org","@graph":[{"@type":"WebPage","@id":"https:\/\/baumann-move.com\/montage\/industrieanhaenger\/","url":"https:\/\/baumann-move.com\/montage\/industrieanhaenger\/","name":"Industrial trailers - Baumann-Move","isPartOf":{"@id":"https:\/\/baumann-move.com\/#website"},"datePublished":"2024-12-04T10:00:21+00:00","dateModified":"2025-09-03T08:31:35+00:00","breadcrumb":{"@id":"https:\/\/baumann-move.com\/montage\/industrieanhaenger\/#breadcrumb"},"inLanguage":"en-GB","potentialAction":[{"@type":"ReadAction","target":["https:\/\/baumann-move.com\/montage\/industrieanhaenger\/"]}]},{"@type":"BreadcrumbList","@id":"https:\/\/baumann-move.com\/montage\/industrieanhaenger\/#breadcrumb","itemListElement":[{"@type":"ListItem","position":1,"name":"Home","item":"https:\/\/baumann-move.com\/"},{"@type":"ListItem","position":2,"name":"Montage","item":"https:\/\/baumann-move.com\/montage\/"},{"@type":"ListItem","position":3,"name":"Industrieanh\u00e4nger"}]},{"@type":"WebSite","@id":"https:\/\/baumann-move.com\/#website","url":"https:\/\/baumann-move.com\/","name":"Baumann Move","description":"Seit \u00fcber 135 Jahren Ihr Experte f\u00fcr Schwerlast\u00adtransporte","publisher":{"@id":"https:\/\/baumann-move.com\/#organization"},"potentialAction":[{"@type":"SearchAction","target":{"@type":"EntryPoint","urlTemplate":"https:\/\/baumann-move.com\/?s={search_term_string}"},"query-input":{"@type":"PropertyValueSpecification","valueRequired":true,"valueName":"search_term_string"}}],"inLanguage":"en-GB"},{"@type":"Organization","@id":"https:\/\/baumann-move.com\/#organization","name":"Viktor Baumann GmbH & Co. KG","alternateName":"Baumann Move","url":"https:\/\/baumann-move.com\/","logo":{"@type":"ImageObject","inLanguage":"en-GB","@id":"https:\/\/baumann-move.com\/#\/schema\/logo\/image\/","url":"https:\/\/baumann-move.com\/wp-content\/uploads\/2024\/11\/logo.png","contentUrl":"https:\/\/baumann-move.com\/wp-content\/uploads\/2024\/11\/logo.png","width":280,"height":59,"caption":"Viktor Baumann GmbH & Co. KG"},"image":{"@id":"https:\/\/baumann-move.com\/#\/schema\/logo\/image\/"},"sameAs":["https:\/\/www.facebook.com\/people\/Baumann-move\/61568967824991\/"]}]}},"_links":{"self":[{"href":"https:\/\/baumann-move.com\/en\/wp-json\/wp\/v2\/pages\/1892","targetHints":{"allow":["GET"]}}],"collection":[{"href":"https:\/\/baumann-move.com\/en\/wp-json\/wp\/v2\/pages"}],"about":[{"href":"https:\/\/baumann-move.com\/en\/wp-json\/wp\/v2\/types\/page"}],"author":[{"embeddable":true,"href":"https:\/\/baumann-move.com\/en\/wp-json\/wp\/v2\/users\/1"}],"replies":[{"embeddable":true,"href":"https:\/\/baumann-move.com\/en\/wp-json\/wp\/v2\/comments?post=1892"}],"version-history":[{"count":11,"href":"https:\/\/baumann-move.com\/en\/wp-json\/wp\/v2\/pages\/1892\/revisions"}],"predecessor-version":[{"id":3013,"href":"https:\/\/baumann-move.com\/en\/wp-json\/wp\/v2\/pages\/1892\/revisions\/3013"}],"up":[{"embeddable":true,"href":"https:\/\/baumann-move.com\/en\/wp-json\/wp\/v2\/pages\/1848"}],"wp:attachment":[{"href":"https:\/\/baumann-move.com\/en\/wp-json\/wp\/v2\/media?parent=1892"}],"curies":[{"name":"wp","href":"https:\/\/api.w.org\/{rel}","templated":true}]}}