{"id":1918,"date":"2024-12-04T10:07:17","date_gmt":"2024-12-04T10:07:17","guid":{"rendered":"https:\/\/baumann-move.com\/?page_id=1918"},"modified":"2026-02-05T19:25:44","modified_gmt":"2026-02-05T19:25:44","slug":"indoor-storage-indoor-cranes","status":"publish","type":"page","link":"https:\/\/baumann-move.com\/en\/storage\/indoor-storage-indoor-cranes\/","title":{"rendered":"Indoor storage \/ indoor cranes"},"content":{"rendered":"<div data-elementor-type=\"wp-page\" data-elementor-id=\"1918\" class=\"elementor elementor-1918\" data-elementor-post-type=\"page\">\n\t\t\t\t<div class=\"elementor-element elementor-element-b6dfeb6 e-con-full e-flex e-con e-parent\" data-id=\"b6dfeb6\" data-element_type=\"container\" data-e-type=\"container\" data-settings=\"{&quot;background_background&quot;:&quot;classic&quot;}\">\n\t\t\t\t<\/div>\n\t\t<div class=\"elementor-element elementor-element-f255f8f e-flex e-con-boxed e-con e-parent\" data-id=\"f255f8f\" data-element_type=\"container\" data-e-type=\"container\">\n\t\t\t\t\t<div class=\"e-con-inner\">\n\t\t<div class=\"elementor-element elementor-element-1766a3d e-con-full parent-box e-flex e-con e-child\" data-id=\"1766a3d\" data-element_type=\"container\" data-e-type=\"container\">\n\t\t\t\t<div class=\"elementor-element elementor-element-bf25d2e elementor-widget elementor-widget-html\" data-id=\"bf25d2e\" data-element_type=\"widget\" data-e-type=\"widget\" data-widget_type=\"html.default\">\n\t\t\t\t<div class=\"elementor-widget-container\">\n\t\t\t\t\t<div class=\"box-text-background background-color-default\"><\/div>\t\t\t\t<\/div>\n\t\t\t\t<\/div>\n\t\t<div class=\"elementor-element elementor-element-c43d932 e-con-full box-text-content e-flex e-con e-child\" data-id=\"c43d932\" data-element_type=\"container\" data-e-type=\"container\">\n\t\t\t\t<div class=\"elementor-element elementor-element-429417d elementor-widget elementor-widget-spacer\" data-id=\"429417d\" data-element_type=\"widget\" data-e-type=\"widget\" data-widget_type=\"spacer.default\">\n\t\t\t\t<div class=\"elementor-widget-container\">\n\t\t\t\t\t\t\t<div class=\"elementor-spacer\">\n\t\t\t<div class=\"elementor-spacer-inner\"><\/div>\n\t\t<\/div>\n\t\t\t\t\t\t<\/div>\n\t\t\t\t<\/div>\n\t\t\t\t<div class=\"elementor-element elementor-element-1494f40 elementor-widget elementor-widget-heading\" data-id=\"1494f40\" data-element_type=\"widget\" data-e-type=\"widget\" data-widget_type=\"heading.default\">\n\t\t\t\t<div class=\"elementor-widget-container\">\n\t\t\t\t\t<h1 class=\"elementor-heading-title elementor-size-default\">Indoor storage \/ <br>Indoor cranes<\/h1>\t\t\t\t<\/div>\n\t\t\t\t<\/div>\n\t\t<div class=\"elementor-element elementor-element-58707b3 e-con-full e-flex e-con e-child\" data-id=\"58707b3\" data-element_type=\"container\" data-e-type=\"container\">\n\t\t\t\t<div class=\"elementor-element elementor-element-dab2201 elementor-widget elementor-widget-heading\" data-id=\"dab2201\" data-element_type=\"widget\" data-e-type=\"widget\" data-widget_type=\"heading.default\">\n\t\t\t\t<div class=\"elementor-widget-container\">\n\t\t\t\t\t<span class=\"elementor-heading-title elementor-size-default\">The best storage location for your heavy goods<\/span>\t\t\t\t<\/div>\n\t\t\t\t<\/div>\n\t\t\t\t<\/div>\n\t\t\t\t<div class=\"elementor-element elementor-element-c9dcc87 elementor-widget elementor-widget-spacer\" data-id=\"c9dcc87\" data-element_type=\"widget\" data-e-type=\"widget\" data-widget_type=\"spacer.default\">\n\t\t\t\t<div class=\"elementor-widget-container\">\n\t\t\t\t\t\t\t<div class=\"elementor-spacer\">\n\t\t\t<div class=\"elementor-spacer-inner\"><\/div>\n\t\t<\/div>\n\t\t\t\t\t\t<\/div>\n\t\t\t\t<\/div>\n\t\t\t\t<\/div>\n\t\t<div class=\"elementor-element elementor-element-d77d33e e-con-full first-content-right-red-container e-flex e-con e-child\" data-id=\"d77d33e\" data-element_type=\"container\" data-e-type=\"container\">\n\t\t\t\t<div class=\"elementor-element elementor-element-015af5c elementor-widget elementor-widget-spacer\" data-id=\"015af5c\" data-element_type=\"widget\" data-e-type=\"widget\" data-widget_type=\"spacer.default\">\n\t\t\t\t<div class=\"elementor-widget-container\">\n\t\t\t\t\t\t\t<div class=\"elementor-spacer\">\n\t\t\t<div class=\"elementor-spacer-inner\"><\/div>\n\t\t<\/div>\n\t\t\t\t\t\t<\/div>\n\t\t\t\t<\/div>\n\t\t\t\t<div class=\"elementor-element elementor-element-31de8c7 elementor-widget elementor-widget-spacer\" data-id=\"31de8c7\" data-element_type=\"widget\" data-e-type=\"widget\" data-widget_type=\"spacer.default\">\n\t\t\t\t<div class=\"elementor-widget-container\">\n\t\t\t\t\t\t\t<div class=\"elementor-spacer\">\n\t\t\t<div class=\"elementor-spacer-inner\"><\/div>\n\t\t<\/div>\n\t\t\t\t\t\t<\/div>\n\t\t\t\t<\/div>\n\t\t\t\t<\/div>\n\t\t\t\t<\/div>\n\t\t\t\t\t<\/div>\n\t\t\t\t<\/div>\n\t\t<div class=\"elementor-element elementor-element-549195e e-flex e-con-boxed e-con e-parent\" data-id=\"549195e\" data-element_type=\"container\" data-e-type=\"container\">\n\t\t\t\t\t<div class=\"e-con-inner\">\n\t\t<div class=\"elementor-element elementor-element-25f71cf e-con-full e-flex e-con e-child\" data-id=\"25f71cf\" data-element_type=\"container\" data-e-type=\"container\">\n\t\t\t\t<div class=\"elementor-element elementor-element-07e1e87 elementor-widget elementor-widget-text-editor\" data-id=\"07e1e87\" data-element_type=\"widget\" data-e-type=\"widget\" data-widget_type=\"text-editor.default\">\n\t\t\t\t<div class=\"elementor-widget-container\">\n\t\t\t\t\t\t\t\t\t<p>Our state-of-the-art warehouses offer it. Since 2018, you will find a total of eight warehouses with a total storage area of 13,000 square metres on our site in Bornheim.<\/p><p>Two permanently installed indoor cranes in each hall transport your heavy goods under the closed hall roof - with a total lifting capacity of 100 tonnes and a hook height of 8.5 metres. Further equipment naturally includes an oil-resistant floor with oil separator and a load capacity of 30 tonnes per square metre, as well as ventilation and heating systems and comprehensive water, electricity, power and compressed air connections.<\/p>\t\t\t\t\t\t\t\t<\/div>\n\t\t\t\t<\/div>\n\t\t\t\t<\/div>\n\t\t\t\t\t<\/div>\n\t\t\t\t<\/div>\n\t\t<div class=\"elementor-element elementor-element-76a02dfc e-flex e-con-boxed e-con e-parent\" data-id=\"76a02dfc\" data-element_type=\"container\" data-e-type=\"container\" data-settings=\"{&quot;background_background&quot;:&quot;classic&quot;}\">\n\t\t\t\t\t<div class=\"e-con-inner\">\n\t\t<div class=\"elementor-element elementor-element-1beeb398 e-con-full e-flex e-con e-child\" data-id=\"1beeb398\" data-element_type=\"container\" data-e-type=\"container\">\n\t\t<div class=\"elementor-element elementor-element-2d8ab31 e-grid e-con-full e-con e-child\" data-id=\"2d8ab31\" data-element_type=\"container\" data-e-type=\"container\">\n\t\t\t\t<div class=\"elementor-element elementor-element-c488d5e elementor-widget elementor-widget-image\" data-id=\"c488d5e\" data-element_type=\"widget\" data-e-type=\"widget\" data-widget_type=\"image.default\">\n\t\t\t\t<div class=\"elementor-widget-container\">\n\t\t\t\t\t\t\t\t\t\t\t\t\t\t\t<img fetchpriority=\"high\" decoding=\"async\" width=\"800\" height=\"601\" src=\"https:\/\/baumann-move.com\/wp-content\/uploads\/2024\/12\/csm_Hallenkran_Krankatze_6ab8c70e8a-1024x769.jpg\" class=\"attachment-large size-large wp-image-1953\" alt=\"Picture of an indoor crane\" srcset=\"https:\/\/baumann-move.com\/wp-content\/uploads\/2024\/12\/csm_Hallenkran_Krankatze_6ab8c70e8a-1024x769.jpg 1024w, https:\/\/baumann-move.com\/wp-content\/uploads\/2024\/12\/csm_Hallenkran_Krankatze_6ab8c70e8a-300x225.jpg 300w, https:\/\/baumann-move.com\/wp-content\/uploads\/2024\/12\/csm_Hallenkran_Krankatze_6ab8c70e8a-768x577.jpg 768w, https:\/\/baumann-move.com\/wp-content\/uploads\/2024\/12\/csm_Hallenkran_Krankatze_6ab8c70e8a.jpg 1200w\" sizes=\"(max-width: 800px) 100vw, 800px\" \/>\t\t\t\t\t\t\t\t\t\t\t\t\t\t\t<\/div>\n\t\t\t\t<\/div>\n\t\t\t\t<div class=\"elementor-element elementor-element-dee0e67 elementor-widget elementor-widget-image\" data-id=\"dee0e67\" data-element_type=\"widget\" data-e-type=\"widget\" data-widget_type=\"image.default\">\n\t\t\t\t<div class=\"elementor-widget-container\">\n\t\t\t\t\t\t\t\t\t\t\t\t\t\t\t<img decoding=\"async\" width=\"800\" height=\"600\" src=\"https:\/\/baumann-move.com\/wp-content\/uploads\/2024\/12\/csm_kranhalle_d76b71e89d-1024x768.jpg\" class=\"attachment-large size-large wp-image-1952\" alt=\"Picture of a crane hall\" srcset=\"https:\/\/baumann-move.com\/wp-content\/uploads\/2024\/12\/csm_kranhalle_d76b71e89d-1024x768.jpg 1024w, https:\/\/baumann-move.com\/wp-content\/uploads\/2024\/12\/csm_kranhalle_d76b71e89d-300x225.jpg 300w, https:\/\/baumann-move.com\/wp-content\/uploads\/2024\/12\/csm_kranhalle_d76b71e89d-768x576.jpg 768w, https:\/\/baumann-move.com\/wp-content\/uploads\/2024\/12\/csm_kranhalle_d76b71e89d.jpg 1200w\" sizes=\"(max-width: 800px) 100vw, 800px\" \/>\t\t\t\t\t\t\t\t\t\t\t\t\t\t\t<\/div>\n\t\t\t\t<\/div>\n\t\t\t\t<\/div>\n\t\t\t\t<\/div>\n\t\t\t\t\t<\/div>\n\t\t\t\t<\/div>\n\t\t\t\t<\/div>","protected":false},"excerpt":{"rendered":"<p>Hallenlagerung \/ Hallenkr\u00e4ne Sie suchen den besten Lagerplatz f\u00fcr Ihr Schwergut? Unsere hochmodernen Hallen bieten ihn. Auf unserem Gel\u00e4nde in Bornheim finden Sie seit 2018 insgesamt acht Lagerhallen mit einer Gesamt-Lagerfl\u00e4che von 13.000 Quadratmetern. Zwei fest installierte Hallenkrane in jeder Halle transportieren Ihr Schwergut unter dem geschlossenen Hallendach \u2013 mit einer Gesamthubkraft von 100 Tonnen [&hellip;]<\/p>\n","protected":false},"author":1,"featured_media":0,"parent":1916,"menu_order":0,"comment_status":"closed","ping_status":"closed","template":"","meta":{"footnotes":""},"class_list":["post-1918","page","type-page","status-publish","hentry"],"yoast_head":"<!-- This site is optimized with the Yoast SEO plugin v27.1.1 - https:\/\/yoast.com\/product\/yoast-seo-wordpress\/ -->\n<title>Hallenlagerung \/ Hallenkrane - Baumann-Move<\/title>\n<meta name=\"robots\" content=\"index, follow, max-snippet:-1, max-image-preview:large, max-video-preview:-1\" \/>\n<link rel=\"canonical\" href=\"https:\/\/baumann-move.com\/en\/storage\/indoor-storage-indoor-cranes\/\" \/>\n<meta property=\"og:locale\" content=\"en_GB\" \/>\n<meta property=\"og:type\" content=\"article\" \/>\n<meta property=\"og:title\" content=\"Hallenlagerung \/ Hallenkrane - Baumann-Move\" \/>\n<meta property=\"og:description\" content=\"Hallenlagerung \/ Hallenkr\u00e4ne Sie suchen den besten Lagerplatz f\u00fcr Ihr Schwergut? Unsere hochmodernen Hallen bieten ihn. Auf unserem Gel\u00e4nde in Bornheim finden Sie seit 2018 insgesamt acht Lagerhallen mit einer Gesamt-Lagerfl\u00e4che von 13.000 Quadratmetern. Zwei fest installierte Hallenkrane in jeder Halle transportieren Ihr Schwergut unter dem geschlossenen Hallendach \u2013 mit einer Gesamthubkraft von 100 Tonnen [&hellip;]\" \/>\n<meta property=\"og:url\" content=\"https:\/\/baumann-move.com\/en\/storage\/indoor-storage-indoor-cranes\/\" \/>\n<meta property=\"og:site_name\" content=\"Baumann-Move\" \/>\n<meta property=\"article:publisher\" content=\"https:\/\/www.facebook.com\/people\/Baumann-move\/61568967824991\/\" \/>\n<meta property=\"article:modified_time\" content=\"2026-02-05T19:25:44+00:00\" \/>\n<meta property=\"og:image\" content=\"https:\/\/baumann-move.com\/wp-content\/uploads\/2024\/12\/csm_Hallenkran_Krankatze_6ab8c70e8a.jpg\" \/>\n\t<meta property=\"og:image:width\" content=\"1200\" \/>\n\t<meta property=\"og:image:height\" content=\"901\" \/>\n\t<meta property=\"og:image:type\" content=\"image\/jpeg\" \/>\n<meta name=\"twitter:card\" content=\"summary_large_image\" \/>\n<meta name=\"twitter:label1\" content=\"Estimated reading time\" \/>\n\t<meta name=\"twitter:data1\" content=\"1 minute\" \/>\n<script type=\"application\/ld+json\" class=\"yoast-schema-graph\">{\"@context\":\"https:\/\/schema.org\",\"@graph\":[{\"@type\":\"WebPage\",\"@id\":\"https:\/\/baumann-move.com\/lagerung\/hallenlagerung-hallenkrane\/\",\"url\":\"https:\/\/baumann-move.com\/lagerung\/hallenlagerung-hallenkrane\/\",\"name\":\"Hallenlagerung \/ Hallenkrane - Baumann-Move\",\"isPartOf\":{\"@id\":\"https:\/\/baumann-move.com\/#website\"},\"primaryImageOfPage\":{\"@id\":\"https:\/\/baumann-move.com\/lagerung\/hallenlagerung-hallenkrane\/#primaryimage\"},\"image\":{\"@id\":\"https:\/\/baumann-move.com\/lagerung\/hallenlagerung-hallenkrane\/#primaryimage\"},\"thumbnailUrl\":\"https:\/\/baumann-move.com\/wp-content\/uploads\/2024\/12\/csm_Hallenkran_Krankatze_6ab8c70e8a-1024x769.jpg\",\"datePublished\":\"2024-12-04T10:07:17+00:00\",\"dateModified\":\"2026-02-05T19:25:44+00:00\",\"breadcrumb\":{\"@id\":\"https:\/\/baumann-move.com\/lagerung\/hallenlagerung-hallenkrane\/#breadcrumb\"},\"inLanguage\":\"en-GB\",\"potentialAction\":[{\"@type\":\"ReadAction\",\"target\":[\"https:\/\/baumann-move.com\/lagerung\/hallenlagerung-hallenkrane\/\"]}]},{\"@type\":\"ImageObject\",\"inLanguage\":\"en-GB\",\"@id\":\"https:\/\/baumann-move.com\/lagerung\/hallenlagerung-hallenkrane\/#primaryimage\",\"url\":\"https:\/\/baumann-move.com\/wp-content\/uploads\/2024\/12\/csm_Hallenkran_Krankatze_6ab8c70e8a-1024x769.jpg\",\"contentUrl\":\"https:\/\/baumann-move.com\/wp-content\/uploads\/2024\/12\/csm_Hallenkran_Krankatze_6ab8c70e8a-1024x769.jpg\"},{\"@type\":\"BreadcrumbList\",\"@id\":\"https:\/\/baumann-move.com\/lagerung\/hallenlagerung-hallenkrane\/#breadcrumb\",\"itemListElement\":[{\"@type\":\"ListItem\",\"position\":1,\"name\":\"Home\",\"item\":\"https:\/\/baumann-move.com\/\"},{\"@type\":\"ListItem\",\"position\":2,\"name\":\"Lagerung\",\"item\":\"https:\/\/baumann-move.com\/lagerung\/\"},{\"@type\":\"ListItem\",\"position\":3,\"name\":\"Hallenlagerung \/ Hallenkrane\"}]},{\"@type\":\"WebSite\",\"@id\":\"https:\/\/baumann-move.com\/#website\",\"url\":\"https:\/\/baumann-move.com\/\",\"name\":\"Baumann Move\",\"description\":\"Seit \u00fcber 135 Jahren Ihr Experte f\u00fcr Schwerlast\u00adtransporte\",\"publisher\":{\"@id\":\"https:\/\/baumann-move.com\/#organization\"},\"potentialAction\":[{\"@type\":\"SearchAction\",\"target\":{\"@type\":\"EntryPoint\",\"urlTemplate\":\"https:\/\/baumann-move.com\/?s={search_term_string}\"},\"query-input\":{\"@type\":\"PropertyValueSpecification\",\"valueRequired\":true,\"valueName\":\"search_term_string\"}}],\"inLanguage\":\"en-GB\"},{\"@type\":\"Organization\",\"@id\":\"https:\/\/baumann-move.com\/#organization\",\"name\":\"Viktor Baumann GmbH & Co. KG\",\"alternateName\":\"Baumann Move\",\"url\":\"https:\/\/baumann-move.com\/\",\"logo\":{\"@type\":\"ImageObject\",\"inLanguage\":\"en-GB\",\"@id\":\"https:\/\/baumann-move.com\/#\/schema\/logo\/image\/\",\"url\":\"https:\/\/baumann-move.com\/wp-content\/uploads\/2024\/11\/logo.png\",\"contentUrl\":\"https:\/\/baumann-move.com\/wp-content\/uploads\/2024\/11\/logo.png\",\"width\":280,\"height\":59,\"caption\":\"Viktor Baumann GmbH & Co. KG\"},\"image\":{\"@id\":\"https:\/\/baumann-move.com\/#\/schema\/logo\/image\/\"},\"sameAs\":[\"https:\/\/www.facebook.com\/people\/Baumann-move\/61568967824991\/\"]}]}<\/script>\n<!-- \/ Yoast SEO plugin. -->","yoast_head_json":{"title":"Indoor storage \/ indoor cranes - Baumann-Move","robots":{"index":"index","follow":"follow","max-snippet":"max-snippet:-1","max-image-preview":"max-image-preview:large","max-video-preview":"max-video-preview:-1"},"canonical":"https:\/\/baumann-move.com\/en\/storage\/indoor-storage-indoor-cranes\/","og_locale":"en_GB","og_type":"article","og_title":"Hallenlagerung \/ Hallenkrane - Baumann-Move","og_description":"Hallenlagerung \/ Hallenkr\u00e4ne Sie suchen den besten Lagerplatz f\u00fcr Ihr Schwergut? Unsere hochmodernen Hallen bieten ihn. Auf unserem Gel\u00e4nde in Bornheim finden Sie seit 2018 insgesamt acht Lagerhallen mit einer Gesamt-Lagerfl\u00e4che von 13.000 Quadratmetern. Zwei fest installierte Hallenkrane in jeder Halle transportieren Ihr Schwergut unter dem geschlossenen Hallendach \u2013 mit einer Gesamthubkraft von 100 Tonnen [&hellip;]","og_url":"https:\/\/baumann-move.com\/en\/storage\/indoor-storage-indoor-cranes\/","og_site_name":"Baumann-Move","article_publisher":"https:\/\/www.facebook.com\/people\/Baumann-move\/61568967824991\/","article_modified_time":"2026-02-05T19:25:44+00:00","og_image":[{"width":1200,"height":901,"url":"https:\/\/baumann-move.com\/wp-content\/uploads\/2024\/12\/csm_Hallenkran_Krankatze_6ab8c70e8a.jpg","type":"image\/jpeg"}],"twitter_card":"summary_large_image","twitter_misc":{"Estimated reading time":"1 minute"},"schema":{"@context":"https:\/\/schema.org","@graph":[{"@type":"WebPage","@id":"https:\/\/baumann-move.com\/lagerung\/hallenlagerung-hallenkrane\/","url":"https:\/\/baumann-move.com\/lagerung\/hallenlagerung-hallenkrane\/","name":"Indoor storage \/ indoor cranes - Baumann-Move","isPartOf":{"@id":"https:\/\/baumann-move.com\/#website"},"primaryImageOfPage":{"@id":"https:\/\/baumann-move.com\/lagerung\/hallenlagerung-hallenkrane\/#primaryimage"},"image":{"@id":"https:\/\/baumann-move.com\/lagerung\/hallenlagerung-hallenkrane\/#primaryimage"},"thumbnailUrl":"https:\/\/baumann-move.com\/wp-content\/uploads\/2024\/12\/csm_Hallenkran_Krankatze_6ab8c70e8a-1024x769.jpg","datePublished":"2024-12-04T10:07:17+00:00","dateModified":"2026-02-05T19:25:44+00:00","breadcrumb":{"@id":"https:\/\/baumann-move.com\/lagerung\/hallenlagerung-hallenkrane\/#breadcrumb"},"inLanguage":"en-GB","potentialAction":[{"@type":"ReadAction","target":["https:\/\/baumann-move.com\/lagerung\/hallenlagerung-hallenkrane\/"]}]},{"@type":"ImageObject","inLanguage":"en-GB","@id":"https:\/\/baumann-move.com\/lagerung\/hallenlagerung-hallenkrane\/#primaryimage","url":"https:\/\/baumann-move.com\/wp-content\/uploads\/2024\/12\/csm_Hallenkran_Krankatze_6ab8c70e8a-1024x769.jpg","contentUrl":"https:\/\/baumann-move.com\/wp-content\/uploads\/2024\/12\/csm_Hallenkran_Krankatze_6ab8c70e8a-1024x769.jpg"},{"@type":"BreadcrumbList","@id":"https:\/\/baumann-move.com\/lagerung\/hallenlagerung-hallenkrane\/#breadcrumb","itemListElement":[{"@type":"ListItem","position":1,"name":"Home","item":"https:\/\/baumann-move.com\/"},{"@type":"ListItem","position":2,"name":"Lagerung","item":"https:\/\/baumann-move.com\/lagerung\/"},{"@type":"ListItem","position":3,"name":"Hallenlagerung \/ Hallenkrane"}]},{"@type":"WebSite","@id":"https:\/\/baumann-move.com\/#website","url":"https:\/\/baumann-move.com\/","name":"Baumann Move","description":"Seit \u00fcber 135 Jahren Ihr Experte f\u00fcr Schwerlast\u00adtransporte","publisher":{"@id":"https:\/\/baumann-move.com\/#organization"},"potentialAction":[{"@type":"SearchAction","target":{"@type":"EntryPoint","urlTemplate":"https:\/\/baumann-move.com\/?s={search_term_string}"},"query-input":{"@type":"PropertyValueSpecification","valueRequired":true,"valueName":"search_term_string"}}],"inLanguage":"en-GB"},{"@type":"Organization","@id":"https:\/\/baumann-move.com\/#organization","name":"Viktor Baumann GmbH & Co. KG","alternateName":"Baumann Move","url":"https:\/\/baumann-move.com\/","logo":{"@type":"ImageObject","inLanguage":"en-GB","@id":"https:\/\/baumann-move.com\/#\/schema\/logo\/image\/","url":"https:\/\/baumann-move.com\/wp-content\/uploads\/2024\/11\/logo.png","contentUrl":"https:\/\/baumann-move.com\/wp-content\/uploads\/2024\/11\/logo.png","width":280,"height":59,"caption":"Viktor Baumann GmbH & Co. KG"},"image":{"@id":"https:\/\/baumann-move.com\/#\/schema\/logo\/image\/"},"sameAs":["https:\/\/www.facebook.com\/people\/Baumann-move\/61568967824991\/"]}]}},"_links":{"self":[{"href":"https:\/\/baumann-move.com\/en\/wp-json\/wp\/v2\/pages\/1918","targetHints":{"allow":["GET"]}}],"collection":[{"href":"https:\/\/baumann-move.com\/en\/wp-json\/wp\/v2\/pages"}],"about":[{"href":"https:\/\/baumann-move.com\/en\/wp-json\/wp\/v2\/types\/page"}],"author":[{"embeddable":true,"href":"https:\/\/baumann-move.com\/en\/wp-json\/wp\/v2\/users\/1"}],"replies":[{"embeddable":true,"href":"https:\/\/baumann-move.com\/en\/wp-json\/wp\/v2\/comments?post=1918"}],"version-history":[{"count":31,"href":"https:\/\/baumann-move.com\/en\/wp-json\/wp\/v2\/pages\/1918\/revisions"}],"predecessor-version":[{"id":3194,"href":"https:\/\/baumann-move.com\/en\/wp-json\/wp\/v2\/pages\/1918\/revisions\/3194"}],"up":[{"embeddable":true,"href":"https:\/\/baumann-move.com\/en\/wp-json\/wp\/v2\/pages\/1916"}],"wp:attachment":[{"href":"https:\/\/baumann-move.com\/en\/wp-json\/wp\/v2\/media?parent=1918"}],"curies":[{"name":"wp","href":"https:\/\/api.w.org\/{rel}","templated":true}]}}