{"id":1996,"date":"2024-12-09T11:01:04","date_gmt":"2024-12-09T11:01:04","guid":{"rendered":"https:\/\/baumann-move.com\/?page_id=1996"},"modified":"2025-09-03T08:33:46","modified_gmt":"2025-09-03T08:33:46","slug":"project-management","status":"publish","type":"page","link":"https:\/\/baumann-move.com\/en\/service\/project-management\/","title":{"rendered":"Project management"},"content":{"rendered":"<div data-elementor-type=\"wp-page\" data-elementor-id=\"1996\" class=\"elementor elementor-1996\" data-elementor-post-type=\"page\">\n\t\t\t\t<div class=\"elementor-element elementor-element-b6dfeb6 e-con-full e-flex e-con e-parent\" data-id=\"b6dfeb6\" data-element_type=\"container\" data-e-type=\"container\" data-settings=\"{&quot;background_background&quot;:&quot;classic&quot;}\">\n\t\t\t\t<\/div>\n\t\t<div class=\"elementor-element elementor-element-f255f8f e-flex e-con-boxed e-con e-parent\" data-id=\"f255f8f\" data-element_type=\"container\" data-e-type=\"container\">\n\t\t\t\t\t<div class=\"e-con-inner\">\n\t\t<div class=\"elementor-element elementor-element-1766a3d e-con-full parent-box e-flex e-con e-child\" data-id=\"1766a3d\" data-element_type=\"container\" data-e-type=\"container\">\n\t\t\t\t<div class=\"elementor-element elementor-element-bf25d2e elementor-widget elementor-widget-html\" data-id=\"bf25d2e\" data-element_type=\"widget\" data-e-type=\"widget\" data-widget_type=\"html.default\">\n\t\t\t\t<div class=\"elementor-widget-container\">\n\t\t\t\t\t<div class=\"box-text-background background-color-default\"><\/div>\t\t\t\t<\/div>\n\t\t\t\t<\/div>\n\t\t<div class=\"elementor-element elementor-element-c43d932 e-con-full box-text-content e-flex e-con e-child\" data-id=\"c43d932\" data-element_type=\"container\" data-e-type=\"container\">\n\t\t\t\t<div class=\"elementor-element elementor-element-429417d elementor-widget elementor-widget-spacer\" data-id=\"429417d\" data-element_type=\"widget\" data-e-type=\"widget\" data-widget_type=\"spacer.default\">\n\t\t\t\t<div class=\"elementor-widget-container\">\n\t\t\t\t\t\t\t<div class=\"elementor-spacer\">\n\t\t\t<div class=\"elementor-spacer-inner\"><\/div>\n\t\t<\/div>\n\t\t\t\t\t\t<\/div>\n\t\t\t\t<\/div>\n\t\t\t\t<div class=\"elementor-element elementor-element-1494f40 elementor-widget elementor-widget-heading\" data-id=\"1494f40\" data-element_type=\"widget\" data-e-type=\"widget\" data-widget_type=\"heading.default\">\n\t\t\t\t<div class=\"elementor-widget-container\">\n\t\t\t\t\t<h1 class=\"elementor-heading-title elementor-size-default\">Project management<\/h1>\t\t\t\t<\/div>\n\t\t\t\t<\/div>\n\t\t<div class=\"elementor-element elementor-element-58707b3 e-con-full e-flex e-con e-child\" data-id=\"58707b3\" data-element_type=\"container\" data-e-type=\"container\">\n\t\t\t\t<div class=\"elementor-element elementor-element-dab2201 elementor-widget elementor-widget-heading\" data-id=\"dab2201\" data-element_type=\"widget\" data-e-type=\"widget\" data-widget_type=\"heading.default\">\n\t\t\t\t<div class=\"elementor-widget-container\">\n\t\t\t\t\t<span class=\"elementor-heading-title elementor-size-default\">We are there from start to finish.<\/span>\t\t\t\t<\/div>\n\t\t\t\t<\/div>\n\t\t\t\t<\/div>\n\t\t\t\t<div class=\"elementor-element elementor-element-c9dcc87 elementor-widget elementor-widget-spacer\" data-id=\"c9dcc87\" data-element_type=\"widget\" data-e-type=\"widget\" data-widget_type=\"spacer.default\">\n\t\t\t\t<div class=\"elementor-widget-container\">\n\t\t\t\t\t\t\t<div class=\"elementor-spacer\">\n\t\t\t<div class=\"elementor-spacer-inner\"><\/div>\n\t\t<\/div>\n\t\t\t\t\t\t<\/div>\n\t\t\t\t<\/div>\n\t\t\t\t<\/div>\n\t\t<div class=\"elementor-element elementor-element-d77d33e e-con-full first-content-right-red-container e-flex e-con e-child\" data-id=\"d77d33e\" data-element_type=\"container\" data-e-type=\"container\">\n\t\t\t\t<div class=\"elementor-element elementor-element-015af5c elementor-widget elementor-widget-spacer\" data-id=\"015af5c\" data-element_type=\"widget\" data-e-type=\"widget\" data-widget_type=\"spacer.default\">\n\t\t\t\t<div class=\"elementor-widget-container\">\n\t\t\t\t\t\t\t<div class=\"elementor-spacer\">\n\t\t\t<div class=\"elementor-spacer-inner\"><\/div>\n\t\t<\/div>\n\t\t\t\t\t\t<\/div>\n\t\t\t\t<\/div>\n\t\t\t\t<div class=\"elementor-element elementor-element-31de8c7 elementor-widget elementor-widget-spacer\" data-id=\"31de8c7\" data-element_type=\"widget\" data-e-type=\"widget\" data-widget_type=\"spacer.default\">\n\t\t\t\t<div class=\"elementor-widget-container\">\n\t\t\t\t\t\t\t<div class=\"elementor-spacer\">\n\t\t\t<div class=\"elementor-spacer-inner\"><\/div>\n\t\t<\/div>\n\t\t\t\t\t\t<\/div>\n\t\t\t\t<\/div>\n\t\t\t\t<\/div>\n\t\t\t\t<\/div>\n\t\t\t\t\t<\/div>\n\t\t\t\t<\/div>\n\t\t<div class=\"elementor-element elementor-element-549195e e-flex e-con-boxed e-con e-parent\" data-id=\"549195e\" data-element_type=\"container\" data-e-type=\"container\">\n\t\t\t\t\t<div class=\"e-con-inner\">\n\t\t<div class=\"elementor-element elementor-element-25f71cf e-con-full e-flex e-con e-child\" data-id=\"25f71cf\" data-element_type=\"container\" data-e-type=\"container\">\n\t\t\t\t<div class=\"elementor-element elementor-element-07e1e87 elementor-widget elementor-widget-text-editor\" data-id=\"07e1e87\" data-element_type=\"widget\" data-e-type=\"widget\" data-widget_type=\"text-editor.default\">\n\t\t\t\t<div class=\"elementor-widget-container\">\n\t\t\t\t\t\t\t\t\t<p>Heavy haulage is special. Not general cargo transport from A to B, but demanding tasks from start to finish. This is what we specialise in. With professional project management. We recognise any weak points in the process at an early stage, clarify all technical, official, legal and financial framework conditions and work with you to develop a precise project schedule.<\/p><p>You can rest assured that everything from the concept, planning and scheduling to project management will be seamlessly integrated. Our project managers reliably adhere to all specifications - even if framework conditions change.<\/p>\t\t\t\t\t\t\t\t<\/div>\n\t\t\t\t<\/div>\n\t\t\t\t<\/div>\n\t\t<div class=\"elementor-element elementor-element-ab3dc0a e-con-full e-flex e-con e-child\" data-id=\"ab3dc0a\" data-element_type=\"container\" data-e-type=\"container\">\n\t\t<div class=\"elementor-element elementor-element-f749f62 e-con-full e-flex e-con e-child\" data-id=\"f749f62\" data-element_type=\"container\" data-e-type=\"container\">\n\t\t\t\t<\/div>\n\t\t\t\t<\/div>\n\t\t\t\t\t<\/div>\n\t\t\t\t<\/div>\n\t\t<div class=\"elementor-element elementor-element-a98e4c8 e-flex e-con-boxed e-con e-parent\" data-id=\"a98e4c8\" data-element_type=\"container\" data-e-type=\"container\" data-settings=\"{&quot;background_background&quot;:&quot;classic&quot;}\">\n\t\t\t\t\t<div class=\"e-con-inner\">\n\t\t<div class=\"elementor-element elementor-element-062e36f e-con-full e-flex e-con e-child\" data-id=\"062e36f\" data-element_type=\"container\" data-e-type=\"container\" data-settings=\"{&quot;background_background&quot;:&quot;classic&quot;}\">\n\t\t<div class=\"elementor-element elementor-element-8171ec9 e-con-full e-flex e-con e-child\" data-id=\"8171ec9\" data-element_type=\"container\" data-e-type=\"container\">\n\t\t\t\t<div class=\"elementor-element elementor-element-aa3920d elementor-widget elementor-widget-heading\" data-id=\"aa3920d\" data-element_type=\"widget\" data-e-type=\"widget\" data-widget_type=\"heading.default\">\n\t\t\t\t<div class=\"elementor-widget-container\">\n\t\t\t\t\t<h2 class=\"elementor-heading-title elementor-size-default\">Find out more about our project management here<\/h2>\t\t\t\t<\/div>\n\t\t\t\t<\/div>\n\t\t<div class=\"elementor-element elementor-element-6e9971d e-con-full e-flex e-con e-child\" data-id=\"6e9971d\" data-element_type=\"container\" data-e-type=\"container\">\n\t\t<div class=\"elementor-element elementor-element-d7392a7 e-grid e-con-full e-con e-child\" data-id=\"d7392a7\" data-element_type=\"container\" data-e-type=\"container\">\n\t\t<a class=\"elementor-element elementor-element-9dd9465 e-con-full e-transform e-transform e-flex e-con e-child\" data-id=\"9dd9465\" data-element_type=\"container\" data-e-type=\"container\" data-settings=\"{&quot;background_background&quot;:&quot;classic&quot;,&quot;_transform_scale_effect_hover&quot;:{&quot;unit&quot;:&quot;px&quot;,&quot;size&quot;:1.025,&quot;sizes&quot;:[]},&quot;_transform_skewX_effect&quot;:{&quot;unit&quot;:&quot;px&quot;,&quot;size&quot;:0,&quot;sizes&quot;:[]},&quot;_transform_skewX_effect_tablet&quot;:{&quot;unit&quot;:&quot;deg&quot;,&quot;size&quot;:&quot;&quot;,&quot;sizes&quot;:[]},&quot;_transform_skewX_effect_mobile&quot;:{&quot;unit&quot;:&quot;deg&quot;,&quot;size&quot;:&quot;&quot;,&quot;sizes&quot;:[]},&quot;_transform_skewY_effect&quot;:{&quot;unit&quot;:&quot;px&quot;,&quot;size&quot;:&quot;&quot;,&quot;sizes&quot;:[]},&quot;_transform_skewY_effect_tablet&quot;:{&quot;unit&quot;:&quot;deg&quot;,&quot;size&quot;:&quot;&quot;,&quot;sizes&quot;:[]},&quot;_transform_skewY_effect_mobile&quot;:{&quot;unit&quot;:&quot;deg&quot;,&quot;size&quot;:&quot;&quot;,&quot;sizes&quot;:[]},&quot;_transform_scale_effect_hover_tablet&quot;:{&quot;unit&quot;:&quot;px&quot;,&quot;size&quot;:&quot;&quot;,&quot;sizes&quot;:[]},&quot;_transform_scale_effect_hover_mobile&quot;:{&quot;unit&quot;:&quot;px&quot;,&quot;size&quot;:&quot;&quot;,&quot;sizes&quot;:[]}}\" href=\"\/en\/service\/cad-studies\/\" title=\"To the CAD studies\">\n\t\t\t\t<div class=\"elementor-element elementor-element-976339f elementor-widget elementor-widget-heading\" data-id=\"976339f\" data-element_type=\"widget\" data-e-type=\"widget\" data-widget_type=\"heading.default\">\n\t\t\t\t<div class=\"elementor-widget-container\">\n\t\t\t\t\t<h3 class=\"elementor-heading-title elementor-size-default\">CAD studies<\/h3>\t\t\t\t<\/div>\n\t\t\t\t<\/div>\n\t\t\t\t<\/a>\n\t\t<a class=\"elementor-element elementor-element-9543d99 e-con-full e-transform e-transform e-flex e-con e-child\" data-id=\"9543d99\" data-element_type=\"container\" data-e-type=\"container\" data-settings=\"{&quot;background_background&quot;:&quot;classic&quot;,&quot;_transform_scale_effect_hover&quot;:{&quot;unit&quot;:&quot;px&quot;,&quot;size&quot;:1.025,&quot;sizes&quot;:[]},&quot;_transform_skewX_effect&quot;:{&quot;unit&quot;:&quot;px&quot;,&quot;size&quot;:0,&quot;sizes&quot;:[]},&quot;_transform_skewX_effect_tablet&quot;:{&quot;unit&quot;:&quot;deg&quot;,&quot;size&quot;:&quot;&quot;,&quot;sizes&quot;:[]},&quot;_transform_skewX_effect_mobile&quot;:{&quot;unit&quot;:&quot;deg&quot;,&quot;size&quot;:&quot;&quot;,&quot;sizes&quot;:[]},&quot;_transform_skewY_effect&quot;:{&quot;unit&quot;:&quot;px&quot;,&quot;size&quot;:&quot;&quot;,&quot;sizes&quot;:[]},&quot;_transform_skewY_effect_tablet&quot;:{&quot;unit&quot;:&quot;deg&quot;,&quot;size&quot;:&quot;&quot;,&quot;sizes&quot;:[]},&quot;_transform_skewY_effect_mobile&quot;:{&quot;unit&quot;:&quot;deg&quot;,&quot;size&quot;:&quot;&quot;,&quot;sizes&quot;:[]},&quot;_transform_scale_effect_hover_tablet&quot;:{&quot;unit&quot;:&quot;px&quot;,&quot;size&quot;:&quot;&quot;,&quot;sizes&quot;:[]},&quot;_transform_scale_effect_hover_mobile&quot;:{&quot;unit&quot;:&quot;px&quot;,&quot;size&quot;:&quot;&quot;,&quot;sizes&quot;:[]}}\" href=\"\/en\/service\/route-test\/\" title=\"About the route test\">\n\t\t\t\t<div class=\"elementor-element elementor-element-3861cc6 elementor-widget elementor-widget-heading\" data-id=\"3861cc6\" data-element_type=\"widget\" data-e-type=\"widget\" data-widget_type=\"heading.default\">\n\t\t\t\t<div class=\"elementor-widget-container\">\n\t\t\t\t\t<h3 class=\"elementor-heading-title elementor-size-default\">Track test<\/h3>\t\t\t\t<\/div>\n\t\t\t\t<\/div>\n\t\t\t\t<\/a>\n\t\t\t\t<\/div>\n\t\t\t\t<\/div>\n\t\t\t\t<\/div>\n\t\t\t\t<\/div>\n\t\t\t\t\t<\/div>\n\t\t\t\t<\/div>\n\t\t\t\t<\/div>","protected":false},"excerpt":{"rendered":"<p>Projektmanagement Wir sind da vom Start bis zum Ziel. Schwertransporte sind speziell. Kein St\u00fcckguttransport von A nach B, sondern anspruchsvolle Aufgaben vom Start bis zum Ziel. Darauf sind wir spezialisiert. Mit einem professionellen Projektmanagement. Wir erkennen fr\u00fchzeitig eventuelle Schwachstellen im Ablauf, kl\u00e4ren alle technischen, beh\u00f6rdlichen, rechtlichen wie finanziellen Rahmenbedingungen und entwickeln mit Ihnen zusammen einen [&hellip;]<\/p>\n","protected":false},"author":1,"featured_media":0,"parent":1977,"menu_order":0,"comment_status":"closed","ping_status":"closed","template":"","meta":{"footnotes":""},"class_list":["post-1996","page","type-page","status-publish","hentry"],"yoast_head":"<!-- This site is optimized with the Yoast SEO plugin v27.1.1 - https:\/\/yoast.com\/product\/yoast-seo-wordpress\/ -->\n<title>Projektmanagement - Baumann-Move<\/title>\n<meta name=\"robots\" content=\"index, follow, max-snippet:-1, max-image-preview:large, max-video-preview:-1\" \/>\n<link rel=\"canonical\" href=\"https:\/\/baumann-move.com\/en\/service\/project-management\/\" \/>\n<meta property=\"og:locale\" content=\"en_GB\" \/>\n<meta property=\"og:type\" content=\"article\" \/>\n<meta property=\"og:title\" content=\"Projektmanagement - Baumann-Move\" \/>\n<meta property=\"og:description\" content=\"Projektmanagement Wir sind da vom Start bis zum Ziel. Schwertransporte sind speziell. Kein St\u00fcckguttransport von A nach B, sondern anspruchsvolle Aufgaben vom Start bis zum Ziel. Darauf sind wir spezialisiert. Mit einem professionellen Projektmanagement. Wir erkennen fr\u00fchzeitig eventuelle Schwachstellen im Ablauf, kl\u00e4ren alle technischen, beh\u00f6rdlichen, rechtlichen wie finanziellen Rahmenbedingungen und entwickeln mit Ihnen zusammen einen [&hellip;]\" \/>\n<meta property=\"og:url\" content=\"https:\/\/baumann-move.com\/en\/service\/project-management\/\" \/>\n<meta property=\"og:site_name\" content=\"Baumann-Move\" \/>\n<meta property=\"article:publisher\" content=\"https:\/\/www.facebook.com\/people\/Baumann-move\/61568967824991\/\" \/>\n<meta property=\"article:modified_time\" content=\"2025-09-03T08:33:46+00:00\" \/>\n<meta property=\"og:image\" content=\"https:\/\/baumann-move.com\/wp-content\/uploads\/2026\/01\/LKW-Optimiert.webp\" \/>\n\t<meta property=\"og:image:width\" content=\"2000\" \/>\n\t<meta property=\"og:image:height\" content=\"1125\" \/>\n\t<meta property=\"og:image:type\" content=\"image\/webp\" \/>\n<meta name=\"twitter:card\" content=\"summary_large_image\" \/>\n<meta name=\"twitter:label1\" content=\"Estimated reading time\" \/>\n\t<meta name=\"twitter:data1\" content=\"1 minute\" \/>\n<script type=\"application\/ld+json\" class=\"yoast-schema-graph\">{\"@context\":\"https:\/\/schema.org\",\"@graph\":[{\"@type\":\"WebPage\",\"@id\":\"https:\/\/baumann-move.com\/service\/projektmanagement\/\",\"url\":\"https:\/\/baumann-move.com\/service\/projektmanagement\/\",\"name\":\"Projektmanagement - Baumann-Move\",\"isPartOf\":{\"@id\":\"https:\/\/baumann-move.com\/#website\"},\"datePublished\":\"2024-12-09T11:01:04+00:00\",\"dateModified\":\"2025-09-03T08:33:46+00:00\",\"breadcrumb\":{\"@id\":\"https:\/\/baumann-move.com\/service\/projektmanagement\/#breadcrumb\"},\"inLanguage\":\"en-GB\",\"potentialAction\":[{\"@type\":\"ReadAction\",\"target\":[\"https:\/\/baumann-move.com\/service\/projektmanagement\/\"]}]},{\"@type\":\"BreadcrumbList\",\"@id\":\"https:\/\/baumann-move.com\/service\/projektmanagement\/#breadcrumb\",\"itemListElement\":[{\"@type\":\"ListItem\",\"position\":1,\"name\":\"Home\",\"item\":\"https:\/\/baumann-move.com\/\"},{\"@type\":\"ListItem\",\"position\":2,\"name\":\"Service\",\"item\":\"https:\/\/baumann-move.com\/service\/\"},{\"@type\":\"ListItem\",\"position\":3,\"name\":\"Projektmanagement\"}]},{\"@type\":\"WebSite\",\"@id\":\"https:\/\/baumann-move.com\/#website\",\"url\":\"https:\/\/baumann-move.com\/\",\"name\":\"Baumann Move\",\"description\":\"Seit \u00fcber 135 Jahren Ihr Experte f\u00fcr Schwerlast\u00adtransporte\",\"publisher\":{\"@id\":\"https:\/\/baumann-move.com\/#organization\"},\"potentialAction\":[{\"@type\":\"SearchAction\",\"target\":{\"@type\":\"EntryPoint\",\"urlTemplate\":\"https:\/\/baumann-move.com\/?s={search_term_string}\"},\"query-input\":{\"@type\":\"PropertyValueSpecification\",\"valueRequired\":true,\"valueName\":\"search_term_string\"}}],\"inLanguage\":\"en-GB\"},{\"@type\":\"Organization\",\"@id\":\"https:\/\/baumann-move.com\/#organization\",\"name\":\"Viktor Baumann GmbH & Co. KG\",\"alternateName\":\"Baumann Move\",\"url\":\"https:\/\/baumann-move.com\/\",\"logo\":{\"@type\":\"ImageObject\",\"inLanguage\":\"en-GB\",\"@id\":\"https:\/\/baumann-move.com\/#\/schema\/logo\/image\/\",\"url\":\"https:\/\/baumann-move.com\/wp-content\/uploads\/2024\/11\/logo.png\",\"contentUrl\":\"https:\/\/baumann-move.com\/wp-content\/uploads\/2024\/11\/logo.png\",\"width\":280,\"height\":59,\"caption\":\"Viktor Baumann GmbH & Co. KG\"},\"image\":{\"@id\":\"https:\/\/baumann-move.com\/#\/schema\/logo\/image\/\"},\"sameAs\":[\"https:\/\/www.facebook.com\/people\/Baumann-move\/61568967824991\/\"]}]}<\/script>\n<!-- \/ Yoast SEO plugin. -->","yoast_head_json":{"title":"Project management - Baumann-Move","robots":{"index":"index","follow":"follow","max-snippet":"max-snippet:-1","max-image-preview":"max-image-preview:large","max-video-preview":"max-video-preview:-1"},"canonical":"https:\/\/baumann-move.com\/en\/service\/project-management\/","og_locale":"en_GB","og_type":"article","og_title":"Projektmanagement - Baumann-Move","og_description":"Projektmanagement Wir sind da vom Start bis zum Ziel. Schwertransporte sind speziell. Kein St\u00fcckguttransport von A nach B, sondern anspruchsvolle Aufgaben vom Start bis zum Ziel. Darauf sind wir spezialisiert. Mit einem professionellen Projektmanagement. Wir erkennen fr\u00fchzeitig eventuelle Schwachstellen im Ablauf, kl\u00e4ren alle technischen, beh\u00f6rdlichen, rechtlichen wie finanziellen Rahmenbedingungen und entwickeln mit Ihnen zusammen einen [&hellip;]","og_url":"https:\/\/baumann-move.com\/en\/service\/project-management\/","og_site_name":"Baumann-Move","article_publisher":"https:\/\/www.facebook.com\/people\/Baumann-move\/61568967824991\/","article_modified_time":"2025-09-03T08:33:46+00:00","og_image":[{"width":2000,"height":1125,"url":"https:\/\/baumann-move.com\/wp-content\/uploads\/2026\/01\/LKW-Optimiert.webp","type":"image\/webp"}],"twitter_card":"summary_large_image","twitter_misc":{"Estimated reading time":"1 minute"},"schema":{"@context":"https:\/\/schema.org","@graph":[{"@type":"WebPage","@id":"https:\/\/baumann-move.com\/service\/projektmanagement\/","url":"https:\/\/baumann-move.com\/service\/projektmanagement\/","name":"Project management - Baumann-Move","isPartOf":{"@id":"https:\/\/baumann-move.com\/#website"},"datePublished":"2024-12-09T11:01:04+00:00","dateModified":"2025-09-03T08:33:46+00:00","breadcrumb":{"@id":"https:\/\/baumann-move.com\/service\/projektmanagement\/#breadcrumb"},"inLanguage":"en-GB","potentialAction":[{"@type":"ReadAction","target":["https:\/\/baumann-move.com\/service\/projektmanagement\/"]}]},{"@type":"BreadcrumbList","@id":"https:\/\/baumann-move.com\/service\/projektmanagement\/#breadcrumb","itemListElement":[{"@type":"ListItem","position":1,"name":"Home","item":"https:\/\/baumann-move.com\/"},{"@type":"ListItem","position":2,"name":"Service","item":"https:\/\/baumann-move.com\/service\/"},{"@type":"ListItem","position":3,"name":"Projektmanagement"}]},{"@type":"WebSite","@id":"https:\/\/baumann-move.com\/#website","url":"https:\/\/baumann-move.com\/","name":"Baumann Move","description":"Seit \u00fcber 135 Jahren Ihr Experte f\u00fcr Schwerlast\u00adtransporte","publisher":{"@id":"https:\/\/baumann-move.com\/#organization"},"potentialAction":[{"@type":"SearchAction","target":{"@type":"EntryPoint","urlTemplate":"https:\/\/baumann-move.com\/?s={search_term_string}"},"query-input":{"@type":"PropertyValueSpecification","valueRequired":true,"valueName":"search_term_string"}}],"inLanguage":"en-GB"},{"@type":"Organization","@id":"https:\/\/baumann-move.com\/#organization","name":"Viktor Baumann GmbH & Co. KG","alternateName":"Baumann Move","url":"https:\/\/baumann-move.com\/","logo":{"@type":"ImageObject","inLanguage":"en-GB","@id":"https:\/\/baumann-move.com\/#\/schema\/logo\/image\/","url":"https:\/\/baumann-move.com\/wp-content\/uploads\/2024\/11\/logo.png","contentUrl":"https:\/\/baumann-move.com\/wp-content\/uploads\/2024\/11\/logo.png","width":280,"height":59,"caption":"Viktor Baumann GmbH & Co. KG"},"image":{"@id":"https:\/\/baumann-move.com\/#\/schema\/logo\/image\/"},"sameAs":["https:\/\/www.facebook.com\/people\/Baumann-move\/61568967824991\/"]}]}},"_links":{"self":[{"href":"https:\/\/baumann-move.com\/en\/wp-json\/wp\/v2\/pages\/1996","targetHints":{"allow":["GET"]}}],"collection":[{"href":"https:\/\/baumann-move.com\/en\/wp-json\/wp\/v2\/pages"}],"about":[{"href":"https:\/\/baumann-move.com\/en\/wp-json\/wp\/v2\/types\/page"}],"author":[{"embeddable":true,"href":"https:\/\/baumann-move.com\/en\/wp-json\/wp\/v2\/users\/1"}],"replies":[{"embeddable":true,"href":"https:\/\/baumann-move.com\/en\/wp-json\/wp\/v2\/comments?post=1996"}],"version-history":[{"count":11,"href":"https:\/\/baumann-move.com\/en\/wp-json\/wp\/v2\/pages\/1996\/revisions"}],"predecessor-version":[{"id":3030,"href":"https:\/\/baumann-move.com\/en\/wp-json\/wp\/v2\/pages\/1996\/revisions\/3030"}],"up":[{"embeddable":true,"href":"https:\/\/baumann-move.com\/en\/wp-json\/wp\/v2\/pages\/1977"}],"wp:attachment":[{"href":"https:\/\/baumann-move.com\/en\/wp-json\/wp\/v2\/media?parent=1996"}],"curies":[{"name":"wp","href":"https:\/\/api.w.org\/{rel}","templated":true}]}}