{"id":2291,"date":"2024-12-10T11:41:35","date_gmt":"2024-12-10T11:41:35","guid":{"rendered":"https:\/\/baumann-move.com\/?page_id=2291"},"modified":"2025-09-03T08:32:36","modified_gmt":"2025-09-03T08:32:36","slug":"goldhofer-axle-lines","status":"publish","type":"page","link":"https:\/\/baumann-move.com\/en\/heavy-haulage\/goldhofer-axle-lines\/","title":{"rendered":"Goldhofer axle lines"},"content":{"rendered":"<div data-elementor-type=\"wp-page\" data-elementor-id=\"2291\" class=\"elementor elementor-2291\" data-elementor-post-type=\"page\">\n\t\t\t\t<div class=\"elementor-element elementor-element-b6dfeb6 e-con-full e-flex e-con e-parent\" data-id=\"b6dfeb6\" data-element_type=\"container\" data-e-type=\"container\" data-settings=\"{&quot;background_background&quot;:&quot;classic&quot;}\">\n\t\t\t\t<\/div>\n\t\t<div class=\"elementor-element elementor-element-f255f8f e-flex e-con-boxed e-con e-parent\" data-id=\"f255f8f\" data-element_type=\"container\" data-e-type=\"container\">\n\t\t\t\t\t<div class=\"e-con-inner\">\n\t\t<div class=\"elementor-element elementor-element-1766a3d e-con-full parent-box e-flex e-con e-child\" data-id=\"1766a3d\" data-element_type=\"container\" data-e-type=\"container\">\n\t\t\t\t<div class=\"elementor-element elementor-element-bf25d2e elementor-widget elementor-widget-html\" data-id=\"bf25d2e\" data-element_type=\"widget\" data-e-type=\"widget\" data-widget_type=\"html.default\">\n\t\t\t\t<div class=\"elementor-widget-container\">\n\t\t\t\t\t<div class=\"box-text-background background-color-default\"><\/div>\t\t\t\t<\/div>\n\t\t\t\t<\/div>\n\t\t<div class=\"elementor-element elementor-element-c43d932 e-con-full box-text-content e-flex e-con e-child\" data-id=\"c43d932\" data-element_type=\"container\" data-e-type=\"container\">\n\t\t\t\t<div class=\"elementor-element elementor-element-429417d elementor-widget elementor-widget-spacer\" data-id=\"429417d\" data-element_type=\"widget\" data-e-type=\"widget\" data-widget_type=\"spacer.default\">\n\t\t\t\t<div class=\"elementor-widget-container\">\n\t\t\t\t\t\t\t<div class=\"elementor-spacer\">\n\t\t\t<div class=\"elementor-spacer-inner\"><\/div>\n\t\t<\/div>\n\t\t\t\t\t\t<\/div>\n\t\t\t\t<\/div>\n\t\t\t\t<div class=\"elementor-element elementor-element-1494f40 elementor-widget elementor-widget-heading\" data-id=\"1494f40\" data-element_type=\"widget\" data-e-type=\"widget\" data-widget_type=\"heading.default\">\n\t\t\t\t<div class=\"elementor-widget-container\">\n\t\t\t\t\t<h1 class=\"elementor-heading-title elementor-size-default\">Goldhofer axle lines<\/h1>\t\t\t\t<\/div>\n\t\t\t\t<\/div>\n\t\t<div class=\"elementor-element elementor-element-58707b3 e-con-full e-flex e-con e-child\" data-id=\"58707b3\" data-element_type=\"container\" data-e-type=\"container\">\n\t\t\t\t<div class=\"elementor-element elementor-element-dab2201 elementor-widget elementor-widget-heading\" data-id=\"dab2201\" data-element_type=\"widget\" data-e-type=\"widget\" data-widget_type=\"heading.default\">\n\t\t\t\t<div class=\"elementor-widget-container\">\n\t\t\t\t\t<span class=\"elementor-heading-title elementor-size-default\">As long as you wish.<\/span>\t\t\t\t<\/div>\n\t\t\t\t<\/div>\n\t\t\t\t<\/div>\n\t\t\t\t<div class=\"elementor-element elementor-element-c9dcc87 elementor-widget elementor-widget-spacer\" data-id=\"c9dcc87\" data-element_type=\"widget\" data-e-type=\"widget\" data-widget_type=\"spacer.default\">\n\t\t\t\t<div class=\"elementor-widget-container\">\n\t\t\t\t\t\t\t<div class=\"elementor-spacer\">\n\t\t\t<div class=\"elementor-spacer-inner\"><\/div>\n\t\t<\/div>\n\t\t\t\t\t\t<\/div>\n\t\t\t\t<\/div>\n\t\t\t\t<\/div>\n\t\t<div class=\"elementor-element elementor-element-d77d33e e-con-full first-content-right-red-container e-flex e-con e-child\" data-id=\"d77d33e\" data-element_type=\"container\" data-e-type=\"container\">\n\t\t\t\t<div class=\"elementor-element elementor-element-015af5c elementor-widget elementor-widget-spacer\" data-id=\"015af5c\" data-element_type=\"widget\" data-e-type=\"widget\" data-widget_type=\"spacer.default\">\n\t\t\t\t<div class=\"elementor-widget-container\">\n\t\t\t\t\t\t\t<div class=\"elementor-spacer\">\n\t\t\t<div class=\"elementor-spacer-inner\"><\/div>\n\t\t<\/div>\n\t\t\t\t\t\t<\/div>\n\t\t\t\t<\/div>\n\t\t\t\t<div class=\"elementor-element elementor-element-31de8c7 elementor-widget elementor-widget-spacer\" data-id=\"31de8c7\" data-element_type=\"widget\" data-e-type=\"widget\" data-widget_type=\"spacer.default\">\n\t\t\t\t<div class=\"elementor-widget-container\">\n\t\t\t\t\t\t\t<div class=\"elementor-spacer\">\n\t\t\t<div class=\"elementor-spacer-inner\"><\/div>\n\t\t<\/div>\n\t\t\t\t\t\t<\/div>\n\t\t\t\t<\/div>\n\t\t\t\t<\/div>\n\t\t\t\t<\/div>\n\t\t\t\t\t<\/div>\n\t\t\t\t<\/div>\n\t\t<div class=\"elementor-element elementor-element-549195e e-flex e-con-boxed e-con e-parent\" data-id=\"549195e\" data-element_type=\"container\" data-e-type=\"container\">\n\t\t\t\t\t<div class=\"e-con-inner\">\n\t\t<div class=\"elementor-element elementor-element-25f71cf e-con-full e-flex e-con e-child\" data-id=\"25f71cf\" data-element_type=\"container\" data-e-type=\"container\">\n\t\t\t\t<div class=\"elementor-element elementor-element-07e1e87 elementor-widget elementor-widget-text-editor\" data-id=\"07e1e87\" data-element_type=\"widget\" data-e-type=\"widget\" data-widget_type=\"text-editor.default\">\n\t\t\t\t<div class=\"elementor-widget-container\">\n\t\t\t\t\t\t\t\t\t<p>The combination of our Goldhofer axle lines for a special load is absolutely versatile. There are no limits in terms of size and weight. A turbine, a generator or a container for plant construction - the technical possibilities lead to customised solutions outside the norm.<\/p><p>We have telescopic semi-trailers, semi low-loaders, low-beds and various heavy-duty combination and tank bridge systems with different tare weights and load capacities in our fleet. This means that the vehicles can be customised to suit your transport goods.<\/p><p>We have the most economical and technically effective solution for every requirement. Our qualified employees are at your side for your individual transport needs - from detailed planning to transport with the innovative Goldhofer axle lines.\u00a0<span class=\"text-primary\">We rise to every logistical challenge.<\/span><\/p>\t\t\t\t\t\t\t\t<\/div>\n\t\t\t\t<\/div>\n\t\t<div class=\"elementor-element elementor-element-2f17c6d e-con-full e-flex e-con e-child\" data-id=\"2f17c6d\" data-element_type=\"container\" data-e-type=\"container\">\n\t\t<div class=\"elementor-element elementor-element-4766ffc e-con-full e-flex e-con e-child\" data-id=\"4766ffc\" data-element_type=\"container\" data-e-type=\"container\">\n\t\t\t\t<div class=\"elementor-element elementor-element-604cbb9 elementor-widget elementor-widget-text-editor\" data-id=\"604cbb9\" data-element_type=\"widget\" data-e-type=\"widget\" data-widget_type=\"text-editor.default\">\n\t\t\t\t<div class=\"elementor-widget-container\">\n\t\t\t\t\t\t\t\t\t<p><strong>Our service at a glance:<\/strong><\/p>\t\t\t\t\t\t\t\t<\/div>\n\t\t\t\t<\/div>\n\t\t\t\t<div class=\"elementor-element elementor-element-2f8f39d elementor-icon-list--layout-traditional elementor-list-item-link-full_width elementor-widget elementor-widget-icon-list\" data-id=\"2f8f39d\" data-element_type=\"widget\" data-e-type=\"widget\" data-widget_type=\"icon-list.default\">\n\t\t\t\t<div class=\"elementor-widget-container\">\n\t\t\t\t\t\t\t<ul class=\"elementor-icon-list-items\">\n\t\t\t\t\t\t\t<li class=\"elementor-icon-list-item\">\n\t\t\t\t\t\t\t\t\t\t\t<span class=\"elementor-icon-list-icon\">\n\t\t\t\t\t\t\t<svg aria-hidden=\"true\" class=\"e-font-icon-svg e-fas-circle\" viewbox=\"0 0 512 512\" xmlns=\"http:\/\/www.w3.org\/2000\/svg\"><path d=\"M256 8C119 8 8 119 8 256s111 248 248 248 248-111 248-248S393 8 256 8z\"><\/path><\/svg>\t\t\t\t\t\t<\/span>\n\t\t\t\t\t\t\t\t\t\t<span class=\"elementor-icon-list-text\">Full-service project management<\/span>\n\t\t\t\t\t\t\t\t\t<\/li>\n\t\t\t\t\t\t\t\t<li class=\"elementor-icon-list-item\">\n\t\t\t\t\t\t\t\t\t\t\t<span class=\"elementor-icon-list-icon\">\n\t\t\t\t\t\t\t<svg aria-hidden=\"true\" class=\"e-font-icon-svg e-fas-circle\" viewbox=\"0 0 512 512\" xmlns=\"http:\/\/www.w3.org\/2000\/svg\"><path d=\"M256 8C119 8 8 119 8 256s111 248 248 248 248-111 248-248S393 8 256 8z\"><\/path><\/svg>\t\t\t\t\t\t<\/span>\n\t\t\t\t\t\t\t\t\t\t<span class=\"elementor-icon-list-text\">Individual transport advice and planning<\/span>\n\t\t\t\t\t\t\t\t\t<\/li>\n\t\t\t\t\t\t\t\t<li class=\"elementor-icon-list-item\">\n\t\t\t\t\t\t\t\t\t\t\t<span class=\"elementor-icon-list-icon\">\n\t\t\t\t\t\t\t<svg aria-hidden=\"true\" class=\"e-font-icon-svg e-fas-circle\" viewbox=\"0 0 512 512\" xmlns=\"http:\/\/www.w3.org\/2000\/svg\"><path d=\"M256 8C119 8 8 119 8 256s111 248 248 248 248-111 248-248S393 8 256 8z\"><\/path><\/svg>\t\t\t\t\t\t<\/span>\n\t\t\t\t\t\t\t\t\t\t<span class=\"elementor-icon-list-text\">Creation of route studies supported by our scan vehicle<\/span>\n\t\t\t\t\t\t\t\t\t<\/li>\n\t\t\t\t\t\t\t\t<li class=\"elementor-icon-list-item\">\n\t\t\t\t\t\t\t\t\t\t\t<span class=\"elementor-icon-list-icon\">\n\t\t\t\t\t\t\t<svg aria-hidden=\"true\" class=\"e-font-icon-svg e-fas-circle\" viewbox=\"0 0 512 512\" xmlns=\"http:\/\/www.w3.org\/2000\/svg\"><path d=\"M256 8C119 8 8 119 8 256s111 248 248 248 248-111 248-248S393 8 256 8z\"><\/path><\/svg>\t\t\t\t\t\t<\/span>\n\t\t\t\t\t\t\t\t\t\t<span class=\"elementor-icon-list-text\">Curve studies using CAD simulation<\/span>\n\t\t\t\t\t\t\t\t\t<\/li>\n\t\t\t\t\t\t\t\t<li class=\"elementor-icon-list-item\">\n\t\t\t\t\t\t\t\t\t\t\t<span class=\"elementor-icon-list-icon\">\n\t\t\t\t\t\t\t<svg aria-hidden=\"true\" class=\"e-font-icon-svg e-fas-circle\" viewbox=\"0 0 512 512\" xmlns=\"http:\/\/www.w3.org\/2000\/svg\"><path d=\"M256 8C119 8 8 119 8 256s111 248 248 248 248-111 248-248S393 8 256 8z\"><\/path><\/svg>\t\t\t\t\t\t<\/span>\n\t\t\t\t\t\t\t\t\t\t<span class=\"elementor-icon-list-text\">Obtaining all authorisations<\/span>\n\t\t\t\t\t\t\t\t\t<\/li>\n\t\t\t\t\t\t\t\t<li class=\"elementor-icon-list-item\">\n\t\t\t\t\t\t\t\t\t\t\t<span class=\"elementor-icon-list-icon\">\n\t\t\t\t\t\t\t<svg aria-hidden=\"true\" class=\"e-font-icon-svg e-fas-circle\" viewbox=\"0 0 512 512\" xmlns=\"http:\/\/www.w3.org\/2000\/svg\"><path d=\"M256 8C119 8 8 119 8 256s111 248 248 248 248-111 248-248S393 8 256 8z\"><\/path><\/svg>\t\t\t\t\t\t<\/span>\n\t\t\t\t\t\t\t\t\t\t<span class=\"elementor-icon-list-text\">Completion of all necessary documentation<\/span>\n\t\t\t\t\t\t\t\t\t<\/li>\n\t\t\t\t\t\t\t\t<li class=\"elementor-icon-list-item\">\n\t\t\t\t\t\t\t\t\t\t\t<span class=\"elementor-icon-list-icon\">\n\t\t\t\t\t\t\t<svg aria-hidden=\"true\" class=\"e-font-icon-svg e-fas-circle\" viewbox=\"0 0 512 512\" xmlns=\"http:\/\/www.w3.org\/2000\/svg\"><path d=\"M256 8C119 8 8 119 8 256s111 248 248 248 248-111 248-248S393 8 256 8z\"><\/path><\/svg>\t\t\t\t\t\t<\/span>\n\t\t\t\t\t\t\t\t\t\t<span class=\"elementor-icon-list-text\">Organisation of traffic control measures<\/span>\n\t\t\t\t\t\t\t\t\t<\/li>\n\t\t\t\t\t\t\t\t<li class=\"elementor-icon-list-item\">\n\t\t\t\t\t\t\t\t\t\t\t<span class=\"elementor-icon-list-icon\">\n\t\t\t\t\t\t\t<svg aria-hidden=\"true\" class=\"e-font-icon-svg e-fas-circle\" viewbox=\"0 0 512 512\" xmlns=\"http:\/\/www.w3.org\/2000\/svg\"><path d=\"M256 8C119 8 8 119 8 256s111 248 248 248 248-111 248-248S393 8 256 8z\"><\/path><\/svg>\t\t\t\t\t\t<\/span>\n\t\t\t\t\t\t\t\t\t\t<span class=\"elementor-icon-list-text\">Transport escort<\/span>\n\t\t\t\t\t\t\t\t\t<\/li>\n\t\t\t\t\t\t\t\t<li class=\"elementor-icon-list-item\">\n\t\t\t\t\t\t\t\t\t\t\t<span class=\"elementor-icon-list-icon\">\n\t\t\t\t\t\t\t<svg aria-hidden=\"true\" class=\"e-font-icon-svg e-fas-circle\" viewbox=\"0 0 512 512\" xmlns=\"http:\/\/www.w3.org\/2000\/svg\"><path d=\"M256 8C119 8 8 119 8 256s111 248 248 248 248-111 248-248S393 8 256 8z\"><\/path><\/svg>\t\t\t\t\t\t<\/span>\n\t\t\t\t\t\t\t\t\t\t<span class=\"elementor-icon-list-text\">Data sheets to download<\/span>\n\t\t\t\t\t\t\t\t\t<\/li>\n\t\t\t\t\t\t<\/ul>\n\t\t\t\t\t\t<\/div>\n\t\t\t\t<\/div>\n\t\t\t\t<\/div>\n\t\t<div class=\"elementor-element elementor-element-e4442b4 e-con-full e-flex e-con e-child\" data-id=\"e4442b4\" data-element_type=\"container\" data-e-type=\"container\">\n\t\t\t\t<div class=\"elementor-element elementor-element-7351750 elementor-widget elementor-widget-image\" data-id=\"7351750\" data-element_type=\"widget\" data-e-type=\"widget\" data-widget_type=\"image.default\">\n\t\t\t\t<div class=\"elementor-widget-container\">\n\t\t\t\t\t\t\t\t\t\t\t\t\t\t\t<img fetchpriority=\"high\" decoding=\"async\" width=\"800\" height=\"534\" src=\"https:\/\/baumann-move.com\/wp-content\/uploads\/2025\/07\/Goldhofer-Achslinie-1024x683.webp\" class=\"attachment-large size-large wp-image-2956\" alt=\"\" srcset=\"https:\/\/baumann-move.com\/wp-content\/uploads\/2025\/07\/Goldhofer-Achslinie-1024x683.webp 1024w, https:\/\/baumann-move.com\/wp-content\/uploads\/2025\/07\/Goldhofer-Achslinie-300x200.webp 300w, https:\/\/baumann-move.com\/wp-content\/uploads\/2025\/07\/Goldhofer-Achslinie-768x512.webp 768w, https:\/\/baumann-move.com\/wp-content\/uploads\/2025\/07\/Goldhofer-Achslinie-1536x1024.webp 1536w, https:\/\/baumann-move.com\/wp-content\/uploads\/2025\/07\/Goldhofer-Achslinie-2048x1365.webp 2048w, https:\/\/baumann-move.com\/wp-content\/uploads\/2025\/07\/Goldhofer-Achslinie-18x12.webp 18w\" sizes=\"(max-width: 800px) 100vw, 800px\" \/>\t\t\t\t\t\t\t\t\t\t\t\t\t\t\t<\/div>\n\t\t\t\t<\/div>\n\t\t\t\t<\/div>\n\t\t\t\t<\/div>\n\t\t\t\t<\/div>\n\t\t\t\t\t<\/div>\n\t\t\t\t<\/div>\n\t\t\t\t<\/div>","protected":false},"excerpt":{"rendered":"<p>Goldhofer-Achslinien So lang, wie Sie w\u00fcnschen. Die Kombination unserer Goldhofer-Achslinien f\u00fcr ein spezielles Ladegut sind absolut vielf\u00e4ltig. Dabei sind in der Gr\u00f6\u00dfen- und Gewichtsordnung keine Grenzen gesetzt. Eine Turbine, ein Generator oder ein Beh\u00e4lter f\u00fcr den Anlagenbau, die technischen M\u00f6glichkeiten f\u00fchren zu individuellen L\u00f6sungen au\u00dferhalb der Norm. Wir verf\u00fcgen in unserem Fuhrpark \u00fcber Telesattel, Semi-Tieflader, [&hellip;]<\/p>\n","protected":false},"author":2,"featured_media":0,"parent":1704,"menu_order":0,"comment_status":"closed","ping_status":"closed","template":"","meta":{"footnotes":""},"class_list":["post-2291","page","type-page","status-publish","hentry"],"yoast_head":"<!-- This site is optimized with the Yoast SEO plugin v27.1.1 - https:\/\/yoast.com\/product\/yoast-seo-wordpress\/ -->\n<title>Goldhofer Achslinien - Baumann-Move<\/title>\n<meta name=\"robots\" content=\"index, follow, max-snippet:-1, max-image-preview:large, max-video-preview:-1\" \/>\n<link rel=\"canonical\" href=\"https:\/\/baumann-move.com\/en\/heavy-haulage\/goldhofer-axle-lines\/\" \/>\n<meta property=\"og:locale\" content=\"en_GB\" \/>\n<meta property=\"og:type\" content=\"article\" \/>\n<meta property=\"og:title\" content=\"Goldhofer Achslinien - Baumann-Move\" \/>\n<meta property=\"og:description\" content=\"Goldhofer-Achslinien So lang, wie Sie w\u00fcnschen. Die Kombination unserer Goldhofer-Achslinien f\u00fcr ein spezielles Ladegut sind absolut vielf\u00e4ltig. Dabei sind in der Gr\u00f6\u00dfen- und Gewichtsordnung keine Grenzen gesetzt. Eine Turbine, ein Generator oder ein Beh\u00e4lter f\u00fcr den Anlagenbau, die technischen M\u00f6glichkeiten f\u00fchren zu individuellen L\u00f6sungen au\u00dferhalb der Norm. Wir verf\u00fcgen in unserem Fuhrpark \u00fcber Telesattel, Semi-Tieflader, [&hellip;]\" \/>\n<meta property=\"og:url\" content=\"https:\/\/baumann-move.com\/en\/heavy-haulage\/goldhofer-axle-lines\/\" \/>\n<meta property=\"og:site_name\" content=\"Baumann-Move\" \/>\n<meta property=\"article:publisher\" content=\"https:\/\/www.facebook.com\/people\/Baumann-move\/61568967824991\/\" \/>\n<meta property=\"article:modified_time\" content=\"2025-09-03T08:32:36+00:00\" \/>\n<meta property=\"og:image\" content=\"https:\/\/baumann-move.com\/wp-content\/uploads\/2025\/07\/Goldhofer-Achslinie-1024x683.webp\" \/>\n<meta name=\"twitter:card\" content=\"summary_large_image\" \/>\n<meta name=\"twitter:label1\" content=\"Estimated reading time\" \/>\n\t<meta name=\"twitter:data1\" content=\"2 minutes\" \/>\n<script type=\"application\/ld+json\" class=\"yoast-schema-graph\">{\"@context\":\"https:\/\/schema.org\",\"@graph\":[{\"@type\":\"WebPage\",\"@id\":\"https:\/\/baumann-move.com\/schwertransporte\/goldhofer-achslinien\/\",\"url\":\"https:\/\/baumann-move.com\/schwertransporte\/goldhofer-achslinien\/\",\"name\":\"Goldhofer Achslinien - Baumann-Move\",\"isPartOf\":{\"@id\":\"https:\/\/baumann-move.com\/#website\"},\"primaryImageOfPage\":{\"@id\":\"https:\/\/baumann-move.com\/schwertransporte\/goldhofer-achslinien\/#primaryimage\"},\"image\":{\"@id\":\"https:\/\/baumann-move.com\/schwertransporte\/goldhofer-achslinien\/#primaryimage\"},\"thumbnailUrl\":\"https:\/\/baumann-move.com\/wp-content\/uploads\/2025\/07\/Goldhofer-Achslinie-1024x683.webp\",\"datePublished\":\"2024-12-10T11:41:35+00:00\",\"dateModified\":\"2025-09-03T08:32:36+00:00\",\"breadcrumb\":{\"@id\":\"https:\/\/baumann-move.com\/schwertransporte\/goldhofer-achslinien\/#breadcrumb\"},\"inLanguage\":\"en-GB\",\"potentialAction\":[{\"@type\":\"ReadAction\",\"target\":[\"https:\/\/baumann-move.com\/schwertransporte\/goldhofer-achslinien\/\"]}]},{\"@type\":\"ImageObject\",\"inLanguage\":\"en-GB\",\"@id\":\"https:\/\/baumann-move.com\/schwertransporte\/goldhofer-achslinien\/#primaryimage\",\"url\":\"https:\/\/baumann-move.com\/wp-content\/uploads\/2025\/07\/Goldhofer-Achslinie-1024x683.webp\",\"contentUrl\":\"https:\/\/baumann-move.com\/wp-content\/uploads\/2025\/07\/Goldhofer-Achslinie-1024x683.webp\"},{\"@type\":\"BreadcrumbList\",\"@id\":\"https:\/\/baumann-move.com\/schwertransporte\/goldhofer-achslinien\/#breadcrumb\",\"itemListElement\":[{\"@type\":\"ListItem\",\"position\":1,\"name\":\"Home\",\"item\":\"https:\/\/baumann-move.com\/\"},{\"@type\":\"ListItem\",\"position\":2,\"name\":\"Schwertransporte\",\"item\":\"https:\/\/baumann-move.com\/schwertransporte\/\"},{\"@type\":\"ListItem\",\"position\":3,\"name\":\"Goldhofer Achslinien\"}]},{\"@type\":\"WebSite\",\"@id\":\"https:\/\/baumann-move.com\/#website\",\"url\":\"https:\/\/baumann-move.com\/\",\"name\":\"Baumann Move\",\"description\":\"Seit \u00fcber 135 Jahren Ihr Experte f\u00fcr Schwerlast\u00adtransporte\",\"publisher\":{\"@id\":\"https:\/\/baumann-move.com\/#organization\"},\"potentialAction\":[{\"@type\":\"SearchAction\",\"target\":{\"@type\":\"EntryPoint\",\"urlTemplate\":\"https:\/\/baumann-move.com\/?s={search_term_string}\"},\"query-input\":{\"@type\":\"PropertyValueSpecification\",\"valueRequired\":true,\"valueName\":\"search_term_string\"}}],\"inLanguage\":\"en-GB\"},{\"@type\":\"Organization\",\"@id\":\"https:\/\/baumann-move.com\/#organization\",\"name\":\"Viktor Baumann GmbH & Co. KG\",\"alternateName\":\"Baumann Move\",\"url\":\"https:\/\/baumann-move.com\/\",\"logo\":{\"@type\":\"ImageObject\",\"inLanguage\":\"en-GB\",\"@id\":\"https:\/\/baumann-move.com\/#\/schema\/logo\/image\/\",\"url\":\"https:\/\/baumann-move.com\/wp-content\/uploads\/2024\/11\/logo.png\",\"contentUrl\":\"https:\/\/baumann-move.com\/wp-content\/uploads\/2024\/11\/logo.png\",\"width\":280,\"height\":59,\"caption\":\"Viktor Baumann GmbH & Co. KG\"},\"image\":{\"@id\":\"https:\/\/baumann-move.com\/#\/schema\/logo\/image\/\"},\"sameAs\":[\"https:\/\/www.facebook.com\/people\/Baumann-move\/61568967824991\/\"]}]}<\/script>\n<!-- \/ Yoast SEO plugin. -->","yoast_head_json":{"title":"Goldhofer axle lines - Baumann-Move","robots":{"index":"index","follow":"follow","max-snippet":"max-snippet:-1","max-image-preview":"max-image-preview:large","max-video-preview":"max-video-preview:-1"},"canonical":"https:\/\/baumann-move.com\/en\/heavy-haulage\/goldhofer-axle-lines\/","og_locale":"en_GB","og_type":"article","og_title":"Goldhofer Achslinien - Baumann-Move","og_description":"Goldhofer-Achslinien So lang, wie Sie w\u00fcnschen. Die Kombination unserer Goldhofer-Achslinien f\u00fcr ein spezielles Ladegut sind absolut vielf\u00e4ltig. Dabei sind in der Gr\u00f6\u00dfen- und Gewichtsordnung keine Grenzen gesetzt. Eine Turbine, ein Generator oder ein Beh\u00e4lter f\u00fcr den Anlagenbau, die technischen M\u00f6glichkeiten f\u00fchren zu individuellen L\u00f6sungen au\u00dferhalb der Norm. Wir verf\u00fcgen in unserem Fuhrpark \u00fcber Telesattel, Semi-Tieflader, [&hellip;]","og_url":"https:\/\/baumann-move.com\/en\/heavy-haulage\/goldhofer-axle-lines\/","og_site_name":"Baumann-Move","article_publisher":"https:\/\/www.facebook.com\/people\/Baumann-move\/61568967824991\/","article_modified_time":"2025-09-03T08:32:36+00:00","og_image":[{"url":"https:\/\/baumann-move.com\/wp-content\/uploads\/2025\/07\/Goldhofer-Achslinie-1024x683.webp","type":"","width":"","height":""}],"twitter_card":"summary_large_image","twitter_misc":{"Estimated reading time":"2 minutes"},"schema":{"@context":"https:\/\/schema.org","@graph":[{"@type":"WebPage","@id":"https:\/\/baumann-move.com\/schwertransporte\/goldhofer-achslinien\/","url":"https:\/\/baumann-move.com\/schwertransporte\/goldhofer-achslinien\/","name":"Goldhofer axle lines - Baumann-Move","isPartOf":{"@id":"https:\/\/baumann-move.com\/#website"},"primaryImageOfPage":{"@id":"https:\/\/baumann-move.com\/schwertransporte\/goldhofer-achslinien\/#primaryimage"},"image":{"@id":"https:\/\/baumann-move.com\/schwertransporte\/goldhofer-achslinien\/#primaryimage"},"thumbnailUrl":"https:\/\/baumann-move.com\/wp-content\/uploads\/2025\/07\/Goldhofer-Achslinie-1024x683.webp","datePublished":"2024-12-10T11:41:35+00:00","dateModified":"2025-09-03T08:32:36+00:00","breadcrumb":{"@id":"https:\/\/baumann-move.com\/schwertransporte\/goldhofer-achslinien\/#breadcrumb"},"inLanguage":"en-GB","potentialAction":[{"@type":"ReadAction","target":["https:\/\/baumann-move.com\/schwertransporte\/goldhofer-achslinien\/"]}]},{"@type":"ImageObject","inLanguage":"en-GB","@id":"https:\/\/baumann-move.com\/schwertransporte\/goldhofer-achslinien\/#primaryimage","url":"https:\/\/baumann-move.com\/wp-content\/uploads\/2025\/07\/Goldhofer-Achslinie-1024x683.webp","contentUrl":"https:\/\/baumann-move.com\/wp-content\/uploads\/2025\/07\/Goldhofer-Achslinie-1024x683.webp"},{"@type":"BreadcrumbList","@id":"https:\/\/baumann-move.com\/schwertransporte\/goldhofer-achslinien\/#breadcrumb","itemListElement":[{"@type":"ListItem","position":1,"name":"Home","item":"https:\/\/baumann-move.com\/"},{"@type":"ListItem","position":2,"name":"Schwertransporte","item":"https:\/\/baumann-move.com\/schwertransporte\/"},{"@type":"ListItem","position":3,"name":"Goldhofer Achslinien"}]},{"@type":"WebSite","@id":"https:\/\/baumann-move.com\/#website","url":"https:\/\/baumann-move.com\/","name":"Baumann Move","description":"Seit \u00fcber 135 Jahren Ihr Experte f\u00fcr Schwerlast\u00adtransporte","publisher":{"@id":"https:\/\/baumann-move.com\/#organization"},"potentialAction":[{"@type":"SearchAction","target":{"@type":"EntryPoint","urlTemplate":"https:\/\/baumann-move.com\/?s={search_term_string}"},"query-input":{"@type":"PropertyValueSpecification","valueRequired":true,"valueName":"search_term_string"}}],"inLanguage":"en-GB"},{"@type":"Organization","@id":"https:\/\/baumann-move.com\/#organization","name":"Viktor Baumann GmbH & Co. KG","alternateName":"Baumann Move","url":"https:\/\/baumann-move.com\/","logo":{"@type":"ImageObject","inLanguage":"en-GB","@id":"https:\/\/baumann-move.com\/#\/schema\/logo\/image\/","url":"https:\/\/baumann-move.com\/wp-content\/uploads\/2024\/11\/logo.png","contentUrl":"https:\/\/baumann-move.com\/wp-content\/uploads\/2024\/11\/logo.png","width":280,"height":59,"caption":"Viktor Baumann GmbH & Co. KG"},"image":{"@id":"https:\/\/baumann-move.com\/#\/schema\/logo\/image\/"},"sameAs":["https:\/\/www.facebook.com\/people\/Baumann-move\/61568967824991\/"]}]}},"_links":{"self":[{"href":"https:\/\/baumann-move.com\/en\/wp-json\/wp\/v2\/pages\/2291","targetHints":{"allow":["GET"]}}],"collection":[{"href":"https:\/\/baumann-move.com\/en\/wp-json\/wp\/v2\/pages"}],"about":[{"href":"https:\/\/baumann-move.com\/en\/wp-json\/wp\/v2\/types\/page"}],"author":[{"embeddable":true,"href":"https:\/\/baumann-move.com\/en\/wp-json\/wp\/v2\/users\/2"}],"replies":[{"embeddable":true,"href":"https:\/\/baumann-move.com\/en\/wp-json\/wp\/v2\/comments?post=2291"}],"version-history":[{"count":20,"href":"https:\/\/baumann-move.com\/en\/wp-json\/wp\/v2\/pages\/2291\/revisions"}],"predecessor-version":[{"id":3021,"href":"https:\/\/baumann-move.com\/en\/wp-json\/wp\/v2\/pages\/2291\/revisions\/3021"}],"up":[{"embeddable":true,"href":"https:\/\/baumann-move.com\/en\/wp-json\/wp\/v2\/pages\/1704"}],"wp:attachment":[{"href":"https:\/\/baumann-move.com\/en\/wp-json\/wp\/v2\/media?parent=2291"}],"curies":[{"name":"wp","href":"https:\/\/api.w.org\/{rel}","templated":true}]}}